{"id":992,"date":"2024-10-25T17:07:42","date_gmt":"2024-10-25T15:07:42","guid":{"rendered":"http:\/\/gasthofzumschluessel.ch\/kontakt\/"},"modified":"2025-08-26T10:16:34","modified_gmt":"2025-08-26T08:16:34","slug":"contact","status":"publish","type":"page","link":"https:\/\/gasthofzumschluessel.ch\/fr\/contact\/","title":{"rendered":"Contact"},"content":{"rendered":"<div class=\"wpb-content-wrapper\"><p>[vc_row full_width=\u00a0\u00bbstretch_row\u00a0\u00bb el_class=\u00a0\u00bbbg-secondary-color font-third-color\u00a0\u00bb][vc_column][vc_row_inner equal_height=\u00a0\u00bbyes\u00a0\u00bb content_placement=\u00a0\u00bbmiddle\u00a0\u00bb][vc_column_inner][vc_column_text css=\u00a0\u00bb\u00a0\u00bb]<\/p>\n<h3>Gasthof zum Schl\u00fcssel<\/h3>\n<h2>Contact<\/h2>\n<p>[\/vc_column_text][\/vc_column_inner][\/vc_row_inner][vc_row_inner equal_height=\u00a0\u00bbyes\u00a0\u00bb content_placement=\u00a0\u00bbtop\u00a0\u00bb][vc_column_inner width=\u00a0\u00bb5\/12&Prime;][vc_column_text css=\u00a0\u00bb\u00a0\u00bb]Avez-vous une demande?<br \/>\nSouhaitez-vous une offre du Gasthof zum Schl\u00fcssel, \u00e0 Ueberstorf?<br \/>\nContactez-nous sans tarder, nous nous ferons un plaisir de vous r\u00e9pondre.[\/vc_column_text][\/vc_column_inner][vc_column_inner width=\u00a0\u00bb1\/12&Prime;][\/vc_column_inner][vc_column_inner el_class=\u00a0\u00bbborder-left-primary\u00a0\u00bb width=\u00a0\u00bb6\/12&Prime;][vc_column_text css=\u00a0\u00bb\u00a0\u00bb]Gasthof zum Schl\u00fcssel<br \/>\nDorfstrasse 1<br \/>\nCH-3182 Ueberstorf<br \/>\n031 742 22 40<br \/>\n<a href=\"mailto:kontakt@gasthofzumschluessel.ch\">kontakt@gasthofzumschluessel.ch<\/a>[\/vc_column_text][\/vc_column_inner][\/vc_row_inner][\/vc_column][\/vc_row][vc_row full_width=\u00a0\u00bbstretch_row\u00a0\u00bb el_class=\u00a0\u00bbbg-fourth-color\u00a0\u00bb][vc_column][vc_row_inner][vc_column_inner width=\u00a0\u00bb6\/12&Prime;][vc_column_text css=\u00a0\u00bb\u00a0\u00bb]<strong>HEURES D&rsquo;OUVERTURE<\/strong><\/p>\n<p>Lundi <span style=\"color: #ffffff;\">|<\/span> 11 h \u2013 23 h<br \/>\nMardi <span style=\"color: #ffffff;\">|<\/span> Ferm\u00e9<br \/>\nMercredi <span style=\"color: #ffffff;\">|<\/span> Ferm\u00e9<br \/>\nJeudi <span style=\"color: #ffffff;\">|<\/span> 11 h \u2013 23 h<br \/>\nVendredi <span style=\"color: #ffffff;\">|<\/span> 11 h \u2013 23 h<br \/>\nSamedi <span style=\"color: #ffffff;\">|<\/span> 11 h \u2013 23 h<br \/>\nDimanche <span style=\"color: #ffffff;\">|<\/span> 10 h \u2013 17 h[\/vc_column_text][\/vc_column_inner][vc_column_inner width=\u00a0\u00bb6\/12&Prime;][\/vc_column_inner][\/vc_row_inner][\/vc_column][\/vc_row][vc_row full_width=\u00a0\u00bbstretch_row_content\u00a0\u00bb el_class=\u00a0\u00bbmargin-bottom-footer bg-secondary-color pt-0 pb-0 map\u00a0\u00bb][vc_column][vc_raw_html css=\u00a0\u00bb\u00a0\u00bb]JTNDaWZyYW1lJTIwY2xhc3MlM0QlMjJhY3RBc0RpdiUyMiUyMHN0eWxlJTNEJTIyd2lkdGglM0ExMDAlMjUlM0JoZWlnaHQlM0E1OTVweCUzQiUyMiUyMGZyYW1lYm9yZGVyJTNEJTIyMCUyMiUyMHNjcm9sbGluZyUzRCUyMm5vJTIyJTIwbWFyZ2luaGVpZ2h0JTNEJTIyMCUyMiUyMG1hcmdpbndpZHRoJTNEJTIyMCUyMiUyMHNyYyUzRCUyMmh0dHBzJTNBJTJGJTJGbWFwcy5nb29nbGUuY29tJTJGbWFwcyUzRmYlM0RxJTI2YW1wJTNCc291cmNlJTNEc19xJTI2YW1wJTNCcSUzRERvcmZzdHJhc3NlJTI1MjAxJTI1MkMlMjUyMDMxODIlMjUyMFVlYmVyc3RvcmYlMjZhbXAlM0JhcSUzRDAlMjZhbXAlM0JpZSUzRFVURjglMjZhbXAlM0J0JTNEbSUyNmFtcCUzQnolM0QxNSUyNmFtcCUzQml3bG9jJTNEQSUyNmFtcCUzQm91dHB1dCUzRGVtYmVkJTIyJTNFJTNDJTJGaWZyYW1lJTNF[\/vc_raw_html][\/vc_column][\/vc_row]<\/p>\n<\/div>","protected":false},"excerpt":{"rendered":"<p>[vc_row full_width=\u00a0\u00bbstretch_row\u00a0\u00bb el_class=\u00a0\u00bbbg-secondary-color font-third-color\u00a0\u00bb][vc_column][vc_row_inner equal_height=\u00a0\u00bbyes\u00a0\u00bb content_placement=\u00a0\u00bbmiddle\u00a0\u00bb][vc_column_inner][vc_column_text css=\u00a0\u00bb\u00a0\u00bb] Gasthof zum Schl\u00fcssel Contact [\/vc_column_text][\/vc_column_inner][\/vc_row_inner][vc_row_inner equal_height=\u00a0\u00bbyes\u00a0\u00bb content_placement=\u00a0\u00bbtop\u00a0\u00bb][vc_column_inner width=\u00a0\u00bb5\/12&Prime;][vc_column_text css=\u00a0\u00bb\u00a0\u00bb]Avez-vous une demande? Souhaitez-vous une offre du Gasthof zum Schl\u00fcssel, \u00e0 Ueberstorf? Contactez-nous sans tarder, nous nous ferons un plaisir de vous r\u00e9pondre.[\/vc_column_text][\/vc_column_inner][vc_column_inner width=\u00a0\u00bb1\/12&Prime;][\/vc_column_inner][vc_column_inner el_class=\u00a0\u00bbborder-left-primary\u00a0\u00bb width=\u00a0\u00bb6\/12&Prime;][vc_column_text css=\u00a0\u00bb\u00a0\u00bb]Gasthof zum Schl\u00fcssel Dorfstrasse 1 CH-3182 Ueberstorf 031 742 22 40 kontakt@gasthofzumschluessel.ch[\/vc_column_text][\/vc_column_inner][\/vc_row_inner][\/vc_column][\/vc_row][vc_row full_width=\u00a0\u00bbstretch_row\u00a0\u00bb el_class=\u00a0\u00bbbg-fourth-color\u00a0\u00bb][vc_column][vc_row_inner][vc_column_inner [&hellip;]<\/p>\n","protected":false},"author":1,"featured_media":0,"parent":0,"menu_order":7,"comment_status":"closed","ping_status":"closed","template":"","meta":{"_acf_changed":false,"inline_featured_image":false,"footnotes":""},"class_list":["post-992","page","type-page","status-publish","hentry"],"acf":[],"_links":{"self":[{"href":"https:\/\/gasthofzumschluessel.ch\/fr\/wp-json\/wp\/v2\/pages\/992","targetHints":{"allow":["GET"]}}],"collection":[{"href":"https:\/\/gasthofzumschluessel.ch\/fr\/wp-json\/wp\/v2\/pages"}],"about":[{"href":"https:\/\/gasthofzumschluessel.ch\/fr\/wp-json\/wp\/v2\/types\/page"}],"author":[{"embeddable":true,"href":"https:\/\/gasthofzumschluessel.ch\/fr\/wp-json\/wp\/v2\/users\/1"}],"replies":[{"embeddable":true,"href":"https:\/\/gasthofzumschluessel.ch\/fr\/wp-json\/wp\/v2\/comments?post=992"}],"version-history":[{"count":6,"href":"https:\/\/gasthofzumschluessel.ch\/fr\/wp-json\/wp\/v2\/pages\/992\/revisions"}],"predecessor-version":[{"id":1380,"href":"https:\/\/gasthofzumschluessel.ch\/fr\/wp-json\/wp\/v2\/pages\/992\/revisions\/1380"}],"wp:attachment":[{"href":"https:\/\/gasthofzumschluessel.ch\/fr\/wp-json\/wp\/v2\/media?parent=992"}],"curies":[{"name":"wp","href":"https:\/\/api.w.org\/{rel}","templated":true}]}}