{"id":989,"date":"2024-10-31T10:51:02","date_gmt":"2024-10-31T09:51:02","guid":{"rendered":"http:\/\/gasthofzumschluessel.ch\/links-medien\/"},"modified":"2025-11-11T15:37:01","modified_gmt":"2025-11-11T14:37:01","slug":"liens-medias","status":"publish","type":"page","link":"https:\/\/gasthofzumschluessel.ch\/fr\/liens-medias\/","title":{"rendered":"Liens \/ Medias"},"content":{"rendered":"<div class=\"wpb-content-wrapper\"><p>[vc_row full_width=\u00a0\u00bbstretch_row\u00a0\u00bb el_class=\u00a0\u00bbbg-fourth-color\u00a0\u00bb][vc_column][vc_row_inner equal_height=\u00a0\u00bbyes\u00a0\u00bb content_placement=\u00a0\u00bbmiddle\u00a0\u00bb][vc_column_inner][vc_column_text css=\u00a0\u00bb\u00a0\u00bb]<\/p>\n<h3>Gasthof zum Schl\u00fcssel<\/h3>\n<h2><b>Liens<\/b><\/h2>\n<p>[\/vc_column_text][\/vc_column_inner][\/vc_row_inner][vc_row_inner][vc_column_inner width=\u00a0\u00bb1\/12&Prime;][\/vc_column_inner][vc_column_inner width=\u00a0\u00bb6\/12&Prime;][vc_column_text css=\u00a0\u00bb\u00a0\u00bb]<a href=\"https:\/\/www.ueberstorf.ch\" target=\"_blank\" rel=\"noopener\">GEMEINDE UEBERSTORF<\/a><\/p>\n<p><a href=\"https:\/\/www.senslermuseum.ch\" target=\"_blank\" rel=\"noopener\">SENSLER MUSEUM TAFERS<\/a><\/p>\n<p><a href=\"https:\/\/fribourg.ch\/fr\/schwarzsee\/\" target=\"_blank\" rel=\"noopener\">TOURISMUS SCHWARZSEE \u2013 SENSELAND<\/a><\/p>\n<p><a href=\"https:\/\/herzroute.ch\/de\/\" target=\"_blank\" rel=\"noopener\">HERZROUTE<\/a><\/p>\n<p><a href=\"https:\/\/fribourg.ch\/fr\/\" target=\"_blank\" rel=\"noopener\">TOURISMUS FREIBURG<\/a><\/p>\n<p><a href=\"https:\/\/www.terroir-fribourg.ch\/fr\" target=\"_blank\" rel=\"noopener\">TERROIR FRIBOURG<\/a><\/p>\n<p><a href=\"https:\/\/kariyon.ch\/fr\/shops\/gasthof-zum-schlussel\" target=\"_blank\" rel=\"noopener\">KARIYON<\/a>[\/vc_column_text][\/vc_column_inner][vc_column_inner width=\u00a0\u00bb5\/12&Prime;][\/vc_column_inner][\/vc_row_inner][\/vc_column][\/vc_row][vc_row full_width=\u00a0\u00bbstretch_row\u00a0\u00bb el_class=\u00a0\u00bbbg-secondary-color margin-bottom-footer\u00a0\u00bb][vc_column][vc_row_inner][vc_column_inner][vc_column_text css=\u00a0\u00bb\u00a0\u00bb]<\/p>\n<h2><b>Medias<\/b><\/h2>\n<p>[\/vc_column_text]<div class='media'><div class='row'><div class='col-lg-1 col-3 col-sm-2 wpb_animate_when_almost_visible wpb_fadeInLeft fadeInLeft'><img src='https:\/\/gasthofzumschluessel.ch\/wp-content\/uploads\/2024\/10\/pictospresse.svg' \/><\/div><div class='col-lg-11 col-9'><div class='media-date'>08.11.2025<\/div><div class='media-titre'>Es geht um die Wurst<\/div><div class='media-journal'><a href='https:\/\/gasthofzumschluessel.ch\/wp-content\/uploads\/2025\/11\/Gasthof_zum_Schluessel_Ramsen_SB-25.pdf' target='_blank'>Schweizer Bauer<\/a> <\/div><\/div><\/div><\/div><div class='media'><div class='row'><div class='col-lg-1 col-3 col-sm-2 wpb_animate_when_almost_visible wpb_fadeInLeft fadeInLeft'><img src='https:\/\/gasthofzumschluessel.ch\/wp-content\/uploads\/2024\/10\/pictospresse.svg' \/><\/div><div class='col-lg-11 col-9'><div class='media-date'>17.10.2022<\/div><div class='media-titre'>Kellerk\u00fcche mit Anton Mosimann<\/div><div class='media-journal'><a href='https:\/\/frapp.ch\/de\/articles\/stories\/anton-mosimann-als-gastkoch-im-schlussel-in-ueberstorf' target='_blank'>FRAPP<\/a> - <a href='https:\/\/frapp.ch\/de\/articles\/stories\/ein-star-ohne-jegliche-alluren' target='_blank'>FRAPP<\/a> - <a href='https:\/\/frapp.ch\/de\/articles\/stories\/ein-koniglicher-chefkoch-in-ueberstorf' target='_blank'>FRAPP<\/a> - <a href='https:\/\/www.rts.ch\/play\/tv\/19h30\/video\/le-chef-anton-mosimann-qui-a-cuisine-pour-la-reine-elisabeth-est-de-passage-dans-le-canton-de-fribourg?urn=urn:rts:video:13472130' target='_blank'>RTS<\/a> - <a href='https:\/\/www.freiburger-nachrichten.ch\/er-ist-viel-mehr-als-der-koch-der-koenigin\/?fbclid=IwAR1VnenEqe4uPZByzLATsghsLAsg6Ud4cDJadQhIGjTLNvjfJtAJhifUeYg' target='_blank'>FREIBURGER NACHRICHTEN<\/a> - <a href='https:\/\/latele.ch\/emissions\/info-fribourg\/info-fribourg-s-2022-e-43?s=1' target='_blank'>LA TELE<\/a> <\/div><\/div><\/div><\/div><div class='media'><div class='row'><div class='col-lg-1 col-3 col-sm-2 wpb_animate_when_almost_visible wpb_fadeInLeft fadeInLeft'><img src='https:\/\/gasthofzumschluessel.ch\/wp-content\/uploads\/2024\/10\/pictospresse.svg' \/><\/div><div class='col-lg-11 col-9'><div class='media-date'>31.03.2022<\/div><div class='media-titre'>Unterst\u00fctzungsaktion f\u00fcr Ukraine-Fl\u00fcchtlinge<\/div><div class='media-journal'><a href='\/wp-content\/uploads\/2025\/01\/Gasthof_zum_Schluessel_Ueberstorf_FN-31-3-22-scaled.jpg' target='_blank'>FREIBURGER NACHRICHTEN<\/a> <\/div><\/div><\/div><\/div><div class='media'><div class='row'><div class='col-lg-1 col-3 col-sm-2 wpb_animate_when_almost_visible wpb_fadeInLeft fadeInLeft'><img src='https:\/\/gasthofzumschluessel.ch\/wp-content\/uploads\/2024\/10\/pictospresse.svg' \/><\/div><div class='col-lg-11 col-9'><div class='media-date'>20.8.2021<\/div><div class='media-titre'>Das sind die besten Br\u00fcckenbauer im Nationalrat<\/div><div class='media-journal'><a href='https:\/\/www.watson.ch\/!263978756?utm_source=whatsapp&utm_medium=social-user&utm_campaign=watson-app-ios' target='_blank'>watson.ch<\/a> <\/div><\/div><\/div><\/div><div class='media'><div class='row'><div class='col-lg-1 col-3 col-sm-2 wpb_animate_when_almost_visible wpb_fadeInLeft fadeInLeft'><img src='https:\/\/gasthofzumschluessel.ch\/wp-content\/uploads\/2024\/10\/pictospresse.svg' \/><\/div><div class='col-lg-11 col-9'><div class='media-date'>10.1.2020<\/div><div class='media-titre'>Gasthof Zum Schl\u00fcssel, Ueberstorf<\/div><div class='media-journal'><a href='\/wp-content\/uploads\/2025\/01\/Gasthof_zum_Schluessel_Ueberstorf_Gazette-du-Terroir_n3_janvier_2020.pdf' target='_blank'>LA GAZETTE DE TERROIR FRIBOURG DIE GAZETTE VON TERROIR FRIBOURG<\/a> <\/div><\/div><\/div><\/div><div class='media'><div class='row'><div class='col-lg-1 col-3 col-sm-2 wpb_animate_when_almost_visible wpb_fadeInLeft fadeInLeft'><img src='https:\/\/gasthofzumschluessel.ch\/wp-content\/uploads\/2024\/10\/pictospresse.svg' \/><\/div><div class='col-lg-11 col-9'><div class='media-date'>10.7.2019<\/div><div class='media-titre'>Klimawandel bestimmt den Speisezettel<\/div><div class='media-journal'><a href='\/wp-content\/uploads\/2025\/01\/Gasthof_zum_Schluessel_Ueberstorf_Berner_Landbote-10-07-19.pdf' target='_blank'>Berner Landbote<\/a> <\/div><\/div><\/div><\/div><div class='media'><div class='row'><div class='col-lg-1 col-3 col-sm-2 wpb_animate_when_almost_visible wpb_fadeInLeft fadeInLeft'><img src='https:\/\/gasthofzumschluessel.ch\/wp-content\/uploads\/2024\/10\/pictospresse.svg' \/><\/div><div class='col-lg-11 col-9'><div class='media-date'>12.1.2018<\/div><div class='media-titre'>Rindstatar, Reh, Randenrisotto<\/div><div class='media-journal'><a href='\/wp-content\/uploads\/2025\/01\/Gasthof_zum_Schluessel_Ueberstorf_SchweizerIllustrierte_12-01-2018.pdf' target='_blank'>SCHWEIZER ILLUSTRIERTE<\/a> <\/div><\/div><\/div><\/div><div class='media'><div class='row'><div class='col-lg-1 col-3 col-sm-2 wpb_animate_when_almost_visible wpb_fadeInLeft fadeInLeft'><img src='https:\/\/gasthofzumschluessel.ch\/wp-content\/uploads\/2024\/10\/pictospresse.svg' \/><\/div><div class='col-lg-11 col-9'><div class='media-date'>25.9.2017<\/div><div class='media-titre'>Peau neuve pour un restaurant embl\u00e9matique<\/div><div class='media-journal'><a href='\/wp-content\/uploads\/2025\/01\/Gasthof_zum_Schluessel_Ueberstorf_LL-25-09-2017-2.pdf' target='_blank'>La Libert\u00e9<\/a> <\/div><\/div><\/div><\/div><div class='media'><div class='row'><div class='col-lg-1 col-3 col-sm-2 wpb_animate_when_almost_visible wpb_fadeInLeft fadeInLeft'><img src='https:\/\/gasthofzumschluessel.ch\/wp-content\/uploads\/2024\/10\/pictospresse.svg' \/><\/div><div class='col-lg-11 col-9'><div class='media-date'>12.9.2017<\/div><div class='media-titre'>Aubergiste!<\/div><div class='media-journal'><a href='\/wp-content\/uploads\/2025\/01\/Gasthof_zum_Schluessel_Ueberstorf_LeTemps-12-09-2017.pdf' target='_blank'>Le Temps<\/a> <\/div><\/div><\/div><\/div><div class='media'><div class='row'><div class='col-lg-1 col-3 col-sm-2 wpb_animate_when_almost_visible wpb_fadeInLeft fadeInLeft'><img src='https:\/\/gasthofzumschluessel.ch\/wp-content\/uploads\/2024\/10\/pictospresse.svg' \/><\/div><div class='col-lg-11 col-9'><div class='media-date'>31.8.2017<\/div><div class='media-titre'>Der Gasthof Schl\u00fcssel steht vor der Er\u00f6ffnung<\/div><div class='media-journal'><a href='\/wp-content\/uploads\/2025\/01\/Gasthof_zum_Schluessel_Ueberstorf_BZ.pdf' target='_blank'>Berner Zeitung<\/a> <\/div><\/div><\/div><\/div><div class='media'><div class='row'><div class='col-lg-1 col-3 col-sm-2 wpb_animate_when_almost_visible wpb_fadeInLeft fadeInLeft'><img src='https:\/\/gasthofzumschluessel.ch\/wp-content\/uploads\/2024\/10\/pictospresse.svg' \/><\/div><div class='col-lg-11 col-9'><div class='media-date'>31.8.2017<\/div><div class='media-titre'>\u00abJetzt treffen sich wieder alle Ueberstorfer im Schl\u00fcssel\u00bb<\/div><div class='media-journal'><a href='\/wp-content\/uploads\/2025\/01\/Gasthof_zum_Schluessel_Ueberstorf_FN_31082017.pdf' target='_blank'>Freiburger Nachrichten<\/a> <\/div><\/div><\/div><\/div><div class='media'><div class='row'><div class='col-lg-1 col-3 col-sm-2 wpb_animate_when_almost_visible wpb_fadeInLeft fadeInLeft'><img src='https:\/\/gasthofzumschluessel.ch\/wp-content\/uploads\/2024\/10\/pictosradio.svg' \/><\/div><div class='col-lg-11 col-9'><div class='media-date'>30.8.2017<\/div><div class='media-titre'>Wiederer\u00f6ffnung des Gasthofs zum Schl\u00fcssel<\/div><div class='media-journal'><a href='\/wp-content\/uploads\/2025\/01\/Gasthof_zum_Schluessel_Ueberstorf_RadioFreiburg.mp3' target='_blank'>Radio Freiburg<\/a> <\/div><\/div><\/div><\/div><div class='media'><div class='row'><div class='col-lg-1 col-3 col-sm-2 wpb_animate_when_almost_visible wpb_fadeInLeft fadeInLeft'><img src='https:\/\/gasthofzumschluessel.ch\/wp-content\/uploads\/2024\/10\/pictospresse.svg' \/><\/div><div class='col-lg-11 col-9'><div class='media-date'>27.8.2017<\/div><div class='media-titre'>Vom Nationalratssaal ins S\u00e4li<\/div><div class='media-journal'><a href='\/wp-content\/uploads\/2025\/01\/Gasthof_zum_Schluessel_Ueberstorf_sonntagsblick.pdf' target='_blank'>Sonntagsblick<\/a> <\/div><\/div><\/div><\/div>[\/vc_column_inner][\/vc_row_inner][\/vc_column][\/vc_row]<\/p>\n<\/div>","protected":false},"excerpt":{"rendered":"<p>[vc_row full_width=\u00a0\u00bbstretch_row\u00a0\u00bb el_class=\u00a0\u00bbbg-fourth-color\u00a0\u00bb][vc_column][vc_row_inner equal_height=\u00a0\u00bbyes\u00a0\u00bb content_placement=\u00a0\u00bbmiddle\u00a0\u00bb][vc_column_inner][vc_column_text css=\u00a0\u00bb\u00a0\u00bb] Gasthof zum Schl\u00fcssel Liens [\/vc_column_text][\/vc_column_inner][\/vc_row_inner][vc_row_inner][vc_column_inner width=\u00a0\u00bb1\/12&Prime;][\/vc_column_inner][vc_column_inner width=\u00a0\u00bb6\/12&Prime;][vc_column_text css=\u00a0\u00bb\u00a0\u00bb]GEMEINDE UEBERSTORF SENSLER MUSEUM TAFERS TOURISMUS SCHWARZSEE \u2013 SENSELAND HERZROUTE TOURISMUS FREIBURG TERROIR FRIBOURG KARIYON[\/vc_column_text][\/vc_column_inner][vc_column_inner width=\u00a0\u00bb5\/12&Prime;][\/vc_column_inner][\/vc_row_inner][\/vc_column][\/vc_row][vc_row full_width=\u00a0\u00bbstretch_row\u00a0\u00bb el_class=\u00a0\u00bbbg-secondary-color margin-bottom-footer\u00a0\u00bb][vc_column][vc_row_inner][vc_column_inner][vc_column_text css=\u00a0\u00bb\u00a0\u00bb] Medias [\/vc_column_text][\/vc_column_inner][\/vc_row_inner][\/vc_column][\/vc_row]<\/p>\n","protected":false},"author":1,"featured_media":0,"parent":0,"menu_order":26,"comment_status":"closed","ping_status":"closed","template":"","meta":{"_acf_changed":false,"inline_featured_image":false,"footnotes":""},"class_list":["post-989","page","type-page","status-publish","hentry"],"acf":[],"_links":{"self":[{"href":"https:\/\/gasthofzumschluessel.ch\/fr\/wp-json\/wp\/v2\/pages\/989","targetHints":{"allow":["GET"]}}],"collection":[{"href":"https:\/\/gasthofzumschluessel.ch\/fr\/wp-json\/wp\/v2\/pages"}],"about":[{"href":"https:\/\/gasthofzumschluessel.ch\/fr\/wp-json\/wp\/v2\/types\/page"}],"author":[{"embeddable":true,"href":"https:\/\/gasthofzumschluessel.ch\/fr\/wp-json\/wp\/v2\/users\/1"}],"replies":[{"embeddable":true,"href":"https:\/\/gasthofzumschluessel.ch\/fr\/wp-json\/wp\/v2\/comments?post=989"}],"version-history":[{"count":6,"href":"https:\/\/gasthofzumschluessel.ch\/fr\/wp-json\/wp\/v2\/pages\/989\/revisions"}],"predecessor-version":[{"id":1491,"href":"https:\/\/gasthofzumschluessel.ch\/fr\/wp-json\/wp\/v2\/pages\/989\/revisions\/1491"}],"wp:attachment":[{"href":"https:\/\/gasthofzumschluessel.ch\/fr\/wp-json\/wp\/v2\/media?parent=989"}],"curies":[{"name":"wp","href":"https:\/\/api.w.org\/{rel}","templated":true}]}}