{"id":983,"date":"2025-01-24T15:53:16","date_gmt":"2025-01-24T14:53:16","guid":{"rendered":"http:\/\/gasthofzumschluessel.ch\/newsletter-anmeldung\/"},"modified":"2025-04-29T13:25:51","modified_gmt":"2025-04-29T11:25:51","slug":"inscription-newsletter","status":"publish","type":"page","link":"https:\/\/gasthofzumschluessel.ch\/fr\/inscription-newsletter\/","title":{"rendered":"Inscription newsletter"},"content":{"rendered":"<div class=\"wpb-content-wrapper\"><p>[vc_row full_width=\u00a0\u00bbstretch_row\u00a0\u00bb el_class=\u00a0\u00bbmargin-bottom-footer bg-secondary-color font-third-color\u00a0\u00bb][vc_column][vc_row_inner equal_height=\u00a0\u00bbyes\u00a0\u00bb content_placement=\u00a0\u00bbmiddle\u00a0\u00bb][vc_column_inner][vc_column_text css=\u00a0\u00bb\u00a0\u00bb]<\/p>\n<h3>Gasthof zum Schl\u00fcssel<\/h3>\n<p>[\/vc_column_text][\/vc_column_inner][\/vc_row_inner][vc_row_inner][vc_column_inner width=\u00a0\u00bb4\/12&Prime;][\/vc_column_inner][vc_column_inner width=\u00a0\u00bb6\/12&Prime;][vc_column_text css=\u00a0\u00bb\u00a0\u00bb]Vous voulez \u00eatre toujours au courant? Soyez le premier \u00e0 \u00eatre inform\u00e9 des nouveaux \u00e9v\u00e9nements, alors inscrivez-vous \u00e0 la newsletter. Celle-ci est envoy\u00e9e r\u00e9guli\u00e8rement, une fois par mois.<\/p>\n<p>Vous ne manquerez plus aucun des \u00e9v\u00e9nements que nous organisons au \u00abSchl\u00fcssel\u00bb. Ainsi que les nouveaut\u00e9s que nous r\u00e9servons \u00e0 nos fid\u00e8les abonn\u00e9(e)s.[\/vc_column_text][\/vc_column_inner][vc_column_inner width=\u00a0\u00bb2\/12&Prime;][\/vc_column_inner][\/vc_row_inner][vc_row_inner el_class=\u00a0\u00bbmt-60&Prime;][vc_column_inner el_class=\u00a0\u00bbformulaire bg-fourth-color\u00a0\u00bb width=\u00a0\u00bb10\/12&Prime;][vc_empty_space][vc_column_text css=\u00a0\u00bb\u00a0\u00bb]<\/p>\n<h2>Inscription newsletter<\/h2>\n<p>[\/vc_column_text][vc_raw_html css=\u00a0\u00bb\u00a0\u00bb]JTNDc2NyaXB0JTIwdHlwZSUzRCUyMnRleHQlMkZqYXZhc2NyaXB0JTIyJTIwc3JjJTNEJTIyaHR0cHMlM0ElMkYlMkZ3ZWJmb3JtLnN0YXRzbGl2ZS5pbmZvJTJGb3clMkZleUpwZGlJNklrMU1abUZhZVhVeWVIZHJRazFETW14SWJFNVRRWGt6WjFadE5HbFNYQzg0WVhSMFJ6SnlRbTl6WkVoUlBTSXNJbTFoWXlJNkltRTNNamN3TW1FM01qZzBZbU01TUdNMll6TmlZMkk1TURZME5UazJZV1E0WXpVeU56SmxNbVUxWXpFMFpHSTNZMlV3TXpGa1lXWm1OakpqWm1aaU9UQWlMQ0oyWVd4MVpTSTZJbTh6TjBKV1kwSjZNVTFvSzJoQmFUaE1lbWhhTlRKMFZIRmpZMFZaYW5NeU1VWlJjWFZzUTBaTlFXTTlJbjAlM0QlMjIlM0UlM0MlMkZzY3JpcHQlM0U=[\/vc_raw_html][\/vc_column_inner][vc_column_inner width=\u00a0\u00bb2\/12&Prime;][\/vc_column_inner][\/vc_row_inner][\/vc_column][\/vc_row]<\/p>\n<\/div>","protected":false},"excerpt":{"rendered":"<p>[vc_row full_width=\u00a0\u00bbstretch_row\u00a0\u00bb el_class=\u00a0\u00bbmargin-bottom-footer bg-secondary-color font-third-color\u00a0\u00bb][vc_column][vc_row_inner equal_height=\u00a0\u00bbyes\u00a0\u00bb content_placement=\u00a0\u00bbmiddle\u00a0\u00bb][vc_column_inner][vc_column_text css=\u00a0\u00bb\u00a0\u00bb] Gasthof zum Schl\u00fcssel [\/vc_column_text][\/vc_column_inner][\/vc_row_inner][vc_row_inner][vc_column_inner width=\u00a0\u00bb4\/12&Prime;][\/vc_column_inner][vc_column_inner width=\u00a0\u00bb6\/12&Prime;][vc_column_text css=\u00a0\u00bb\u00a0\u00bb]Vous voulez \u00eatre toujours au courant? Soyez le premier \u00e0 \u00eatre inform\u00e9 des nouveaux \u00e9v\u00e9nements, alors inscrivez-vous \u00e0 la newsletter. Celle-ci est envoy\u00e9e r\u00e9guli\u00e8rement, une fois par mois. Vous ne manquerez plus aucun des \u00e9v\u00e9nements que nous organisons au \u00abSchl\u00fcssel\u00bb. Ainsi [&hellip;]<\/p>\n","protected":false},"author":2,"featured_media":0,"parent":0,"menu_order":7,"comment_status":"closed","ping_status":"closed","template":"","meta":{"_acf_changed":false,"inline_featured_image":false,"footnotes":""},"class_list":["post-983","page","type-page","status-publish","hentry"],"acf":[],"_links":{"self":[{"href":"https:\/\/gasthofzumschluessel.ch\/fr\/wp-json\/wp\/v2\/pages\/983","targetHints":{"allow":["GET"]}}],"collection":[{"href":"https:\/\/gasthofzumschluessel.ch\/fr\/wp-json\/wp\/v2\/pages"}],"about":[{"href":"https:\/\/gasthofzumschluessel.ch\/fr\/wp-json\/wp\/v2\/types\/page"}],"author":[{"embeddable":true,"href":"https:\/\/gasthofzumschluessel.ch\/fr\/wp-json\/wp\/v2\/users\/2"}],"replies":[{"embeddable":true,"href":"https:\/\/gasthofzumschluessel.ch\/fr\/wp-json\/wp\/v2\/comments?post=983"}],"version-history":[{"count":3,"href":"https:\/\/gasthofzumschluessel.ch\/fr\/wp-json\/wp\/v2\/pages\/983\/revisions"}],"predecessor-version":[{"id":1123,"href":"https:\/\/gasthofzumschluessel.ch\/fr\/wp-json\/wp\/v2\/pages\/983\/revisions\/1123"}],"wp:attachment":[{"href":"https:\/\/gasthofzumschluessel.ch\/fr\/wp-json\/wp\/v2\/media?parent=983"}],"curies":[{"name":"wp","href":"https:\/\/api.w.org\/{rel}","templated":true}]}}