{"id":977,"date":"2024-10-31T12:22:35","date_gmt":"2024-10-31T11:22:35","guid":{"rendered":"http:\/\/gasthofzumschluessel.ch\/gutschein\/"},"modified":"2025-05-20T16:11:18","modified_gmt":"2025-05-20T14:11:18","slug":"bon-cadeau","status":"publish","type":"page","link":"https:\/\/gasthofzumschluessel.ch\/fr\/bon-cadeau\/","title":{"rendered":"Bon cadeau"},"content":{"rendered":"<div class=\"wpb-content-wrapper\"><p>[vc_row full_width=\u00a0\u00bbstretch_row\u00a0\u00bb el_class=\u00a0\u00bbmargin-bottom-footer bg-secondary-color font-third-color\u00a0\u00bb][vc_column][vc_row_inner equal_height=\u00a0\u00bbyes\u00a0\u00bb content_placement=\u00a0\u00bbmiddle\u00a0\u00bb][vc_column_inner][vc_column_text css=\u00a0\u00bb\u00a0\u00bb]<\/p>\n<h3>Gasthof zum Schl\u00fcssel<\/h3>\n<h2>Bon cadeau<\/h2>\n<p>[\/vc_column_text][\/vc_column_inner][\/vc_row_inner][vc_row_inner][vc_column_inner width=\u00a0\u00bb1\/2&Prime;][vc_single_image image=\u00a0\u00bb734&Prime; img_size=\u00a0\u00bbfull\u00a0\u00bb css=\u00a0\u00bb\u00a0\u00bb][vc_column_text css=\u00a0\u00bb\u00a0\u00bb][\/vc_column_text][\/vc_column_inner][vc_column_inner width=\u00a0\u00bb1\/2&Prime;][vc_column_text css=\u00a0\u00bb\u00a0\u00bb]Vous souhaitez offrir \u00e0 une personne proche un voyage culinaire alliant tradition et cr\u00e9ativit\u00e9?<span class=\"Apple-converted-space\">\u00a0<\/span><\/p>\n<p>Nos bons sont disponible sous forme pysique (carte) ou num\u00e9rique (code)!<\/p>\n<p>&nbsp;<\/p>\n<p><strong><a href=\"https:\/\/gasthofzumschluessel.ch\/fr\/bon-physique\/\">Bon physique (CARTE)<\/a><br \/>\n<\/strong>\u2013 bon imprim\u00e9e sur papier<span class=\"Apple-converted-space\"><br \/>\n<\/span>\u2013 envoy\u00e9 par la poste ou \u00e0 retirer sur place<br \/>\n\u2013 d\u00e9lai de livraison de quelques jours<br \/>\n\u2013 payable par facture<br \/>\n\u2013 valeur \u00e0 choix<\/p>\n<p><a href=\"https:\/\/kariyon.ch\/de\/shops\/gasthof-zum-schlussel\"><strong>Bon num\u00e9rique<\/strong> (CODE \u2013 par<\/a><a href=\"https:\/\/kariyon.ch\/de\/shops\/gasthof-zum-schlussel\"> kariyon)<\/a><br \/>\n\u2013 code du bon est envoy\u00e9 par mail<br \/>\n\u2013 disponible directement par mail apr\u00e8s paiement<span class=\"Apple-converted-space\"><br \/>\n<\/span>\u2013 paiement par carte de cr\u00e9dit ou Twint<br \/>\n\u2013 possibilit\u00e9 d&rsquo;imprimer soi-m\u00eame<br \/>\n\u2013 divers valeurs \u00e0 choix entre 20\u2013250 francs<\/p>\n<p>&nbsp;<\/p>\n<h1><strong>COMMANDE<\/strong><\/h1>\n<p><a class=\"button\" href=\"https:\/\/gasthofzumschluessel.ch\/fr\/bon-physique\/\">Bon physique (carte)<\/a> <a class=\"button\" href=\"https:\/\/kariyon.ch\/fr\/shops\/gasthof-zum-schlussel\" target=\"_blank\" rel=\"noopener\">Bon num\u00e9rique (Code)<\/a>[\/vc_column_text][\/vc_column_inner][vc_column_inner width=\u00a0\u00bb2\/12&Prime;][\/vc_column_inner][\/vc_row_inner][\/vc_column][\/vc_row][vc_row][vc_column][vc_column_text][\/vc_column_text][\/vc_column][\/vc_row]<\/p>\n<\/div>","protected":false},"excerpt":{"rendered":"<p>[vc_row full_width=\u00a0\u00bbstretch_row\u00a0\u00bb el_class=\u00a0\u00bbmargin-bottom-footer bg-secondary-color font-third-color\u00a0\u00bb][vc_column][vc_row_inner equal_height=\u00a0\u00bbyes\u00a0\u00bb content_placement=\u00a0\u00bbmiddle\u00a0\u00bb][vc_column_inner][vc_column_text css=\u00a0\u00bb\u00a0\u00bb] Gasthof zum Schl\u00fcssel Bon cadeau [\/vc_column_text][\/vc_column_inner][\/vc_row_inner][vc_row_inner][vc_column_inner width=\u00a0\u00bb1\/2&Prime;][vc_single_image image=\u00a0\u00bb734&Prime; img_size=\u00a0\u00bbfull\u00a0\u00bb css=\u00a0\u00bb\u00a0\u00bb][vc_column_text css=\u00a0\u00bb\u00a0\u00bb][\/vc_column_text][\/vc_column_inner][vc_column_inner width=\u00a0\u00bb1\/2&Prime;][vc_column_text css=\u00a0\u00bb\u00a0\u00bb]Vous souhaitez offrir \u00e0 une personne proche un voyage culinaire alliant tradition et cr\u00e9ativit\u00e9?\u00a0 Nos bons sont disponible sous forme pysique (carte) ou num\u00e9rique (code)! &nbsp; Bon physique (CARTE) \u2013 bon imprim\u00e9e sur papier \u2013 [&hellip;]<\/p>\n","protected":false},"author":1,"featured_media":0,"parent":0,"menu_order":28,"comment_status":"closed","ping_status":"closed","template":"","meta":{"_acf_changed":false,"inline_featured_image":false,"footnotes":""},"class_list":["post-977","page","type-page","status-publish","hentry"],"acf":[],"_links":{"self":[{"href":"https:\/\/gasthofzumschluessel.ch\/fr\/wp-json\/wp\/v2\/pages\/977","targetHints":{"allow":["GET"]}}],"collection":[{"href":"https:\/\/gasthofzumschluessel.ch\/fr\/wp-json\/wp\/v2\/pages"}],"about":[{"href":"https:\/\/gasthofzumschluessel.ch\/fr\/wp-json\/wp\/v2\/types\/page"}],"author":[{"embeddable":true,"href":"https:\/\/gasthofzumschluessel.ch\/fr\/wp-json\/wp\/v2\/users\/1"}],"replies":[{"embeddable":true,"href":"https:\/\/gasthofzumschluessel.ch\/fr\/wp-json\/wp\/v2\/comments?post=977"}],"version-history":[{"count":6,"href":"https:\/\/gasthofzumschluessel.ch\/fr\/wp-json\/wp\/v2\/pages\/977\/revisions"}],"predecessor-version":[{"id":1241,"href":"https:\/\/gasthofzumschluessel.ch\/fr\/wp-json\/wp\/v2\/pages\/977\/revisions\/1241"}],"wp:attachment":[{"href":"https:\/\/gasthofzumschluessel.ch\/fr\/wp-json\/wp\/v2\/media?parent=977"}],"curies":[{"name":"wp","href":"https:\/\/api.w.org\/{rel}","templated":true}]}}