{"id":974,"date":"2024-11-07T11:21:30","date_gmt":"2024-11-07T10:21:30","guid":{"rendered":"http:\/\/gasthofzumschluessel.ch\/zimmerreservation\/"},"modified":"2025-08-26T10:18:08","modified_gmt":"2025-08-26T08:18:08","slug":"reservation-de-chambre","status":"publish","type":"page","link":"https:\/\/gasthofzumschluessel.ch\/fr\/reservation-de-chambre\/","title":{"rendered":"R\u00e9servation de chambre"},"content":{"rendered":"<div class=\"wpb-content-wrapper\"><p>[vc_row full_width=\u00a0\u00bbstretch_row\u00a0\u00bb el_class=\u00a0\u00bbbg-secondary-color font-third-color\u00a0\u00bb][vc_column][vc_row_inner equal_height=\u00a0\u00bbyes\u00a0\u00bb content_placement=\u00a0\u00bbmiddle\u00a0\u00bb][vc_column_inner][vc_column_text css=\u00a0\u00bb\u00a0\u00bb]<\/p>\n<h3>Gasthof zum Schl\u00fcssel<\/h3>\n<h2>R\u00e9servation de chambre<\/h2>\n<p>[\/vc_column_text][\/vc_column_inner][\/vc_row_inner][\/vc_column][\/vc_row][vc_row full_width=\u00a0\u00bbstretch_row\u00a0\u00bb el_class=\u00a0\u00bbbg-secondary-color font-third-color pt-0 margin-bottom-footer\u00a0\u00bb][vc_column][vc_row_inner][vc_column_inner width=\u00a0\u00bb8\/12&Prime;][vc_raw_html css=\u00a0\u00bb\u00a0\u00bb]JTNDZGl2JTIwaWQlM0QlMjJhcGFydG1lbnRJZnJhbWVBbGwlMjIlM0UlMEElM0NzY3JpcHQlMjB0eXBlJTNEJTIydGV4dCUyRmphdmFzY3JpcHQlMjIlMjBzcmMlM0QlMjJodHRwcyUzQSUyRiUyRmxvZ2luLnNtb29idS5jb20lMkZqcyUyRlNldHRpbmdzJTJGQm9va2luZ1Rvb2xJZnJhbWUuanMlMjIlM0UlM0MlMkZzY3JpcHQlM0UlMEElM0NzY3JpcHQlM0VCb29raW5nVG9vbElmcmFtZS5pbml0aWFsaXplJTI4JTdCJTIydXJsJTIyJTNBJTIwJTIyaHR0cHMlM0ElMkYlMkZsb2dpbi5zbW9vYnUuY29tJTJGZGUlMkZib29raW5nLXRvb2wlMkZpZnJhbWUlMkYxNDAxOTMlM0ZuZXdUYWJBZnRlclNlYXJjaCUzRHRydWUlMjIlMkMlMjAlMjJiYXNlVXJsJTIyJTNBJTIwJTIyaHR0cHMlM0ElMkYlMkZsb2dpbi5zbW9vYnUuY29tJTIyJTJDJTIwJTIydGFyZ2V0JTIyJTNBJTIwJTIyJTIzYXBhcnRtZW50SWZyYW1lQWxsJTIyJTdEJTI5JTNDJTJGc2NyaXB0JTNFJTBBJTNDJTJGZGl2JTNF[\/vc_raw_html][\/vc_column_inner][\/vc_row_inner][vc_row_inner][vc_column_inner width=\u00a0\u00bb4\/12&Prime;][\/vc_column_inner][vc_column_inner width=\u00a0\u00bb8\/12&Prime;][vc_empty_space][vc_column_text css=\u00a0\u00bb\u00a0\u00bb]Check-in d\u00e8s 15h00<\/p>\n<p>&nbsp;<\/p>\n<p><strong>TERMES, CONDITIONS \u2013 R\u00c9SERVATION DE CHAMBRE<\/strong><\/p>\n<p>Veuillez noter que votre r\u00e9servation est ferme d\u00e8s r\u00e9ception de cette lettre. Les annulations sont trait\u00e9es conform\u00e9ment \u00e0 l&rsquo;article 160 du Code suisse des obligations (CO). Les annulations jusqu&rsquo;\u00e0 3 jours avant l&rsquo;arriv\u00e9e sont gratuites. Annulation entre 3 et 0 jours avant l&rsquo;arriv\u00e9e: 100 % du prix de la chambre pour l&rsquo;ensemble du s\u00e9jour. Cette r\u00e8gle s&rsquo;applique \u00e9galement en cas d&rsquo;arriv\u00e9e tardive ou de d\u00e9part anticip\u00e9!<\/p>\n<p>&nbsp;<\/p>\n<p><strong>R\u00c8GLEMENT INT\u00c9RIEUR<\/strong><\/p>\n<p>Auberge non-fumeurs: Il est strictement interdit de fumer dans toutes les chambres de l&rsquo;auberge. En cas de violation de l&rsquo;interdiction de fumer, l&rsquo;auberge se r\u00e9serve le droit de facturer les frais de nettoyage. Il est permis de fumer sur les balcons et les terrasses. Dommages mat\u00e9riels et responsabilit\u00e9: Les clients de l&rsquo;auberge et les personnes h\u00e9berg\u00e9es sont responsables des dommages ou de la salissure excessive qu&rsquo;ils causent, intentionnellement ou non, aux biens qui leur sont confi\u00e9s, ainsi que des cons\u00e9quences \u00e9conomiques qui en d\u00e9coulent. Les dommages-int\u00e9r\u00eats doivent \u00eatre pay\u00e9s imm\u00e9diatement. Paiement: Vous pouvez payer facilement par carte de cr\u00e9dit, sur facture ou en esp\u00e8ces.<\/p>\n<p>&nbsp;<\/p>\n<p><strong>TAXE DE S\u00c9JOUR<\/strong><\/p>\n<p>Elle s&rsquo;\u00e9l\u00e8ve \u00e0 CHF 3.00 par personne et par nuit.<\/p>\n<p>&nbsp;<\/p>\n<p><strong>HEURES D&rsquo;OUVERTURE DU RESTAURANT<\/strong><\/p>\n<p>Lundi | 11 h \u2013 23 h<br \/>\nMardi | Ferm\u00e9<br \/>\nMercredi | Ferm\u00e9<br \/>\nJeudi | 11 h \u2013 23 h<br \/>\nVendredi | 11 h \u2013 23 h<br \/>\nSamedi | 11 h \u2013 23 h<br \/>\nDimanche | 10 h \u2013 17 h<\/p>\n<p>&nbsp;<\/p>\n<p><strong>PARKING<\/strong><\/p>\n<p>Des places de parking gratuites sont \u00e0 la disposition de nos clients juste devant notre \u00e9tablissement.<\/p>\n<p>&nbsp;<\/p>\n<p><strong>PETIT-D\u00c9JEUNER<\/strong><\/p>\n<p>Le dimanche, vous pouvez \u00e9galement prendre votre petit-d\u00e9jeuner chez nous \u00e0 partir de 10h00 pour CHF 18.50 par personne.<br \/>\nNous ne proposons PAS de petit-d\u00e9jeuner les autres jours![\/vc_column_text][\/vc_column_inner][\/vc_row_inner][\/vc_column][\/vc_row]<\/p>\n<\/div>","protected":false},"excerpt":{"rendered":"<p>[vc_row full_width=\u00a0\u00bbstretch_row\u00a0\u00bb el_class=\u00a0\u00bbbg-secondary-color font-third-color\u00a0\u00bb][vc_column][vc_row_inner equal_height=\u00a0\u00bbyes\u00a0\u00bb content_placement=\u00a0\u00bbmiddle\u00a0\u00bb][vc_column_inner][vc_column_text css=\u00a0\u00bb\u00a0\u00bb] Gasthof zum Schl\u00fcssel R\u00e9servation de chambre [\/vc_column_text][\/vc_column_inner][\/vc_row_inner][\/vc_column][\/vc_row][vc_row full_width=\u00a0\u00bbstretch_row\u00a0\u00bb el_class=\u00a0\u00bbbg-secondary-color font-third-color pt-0 margin-bottom-footer\u00a0\u00bb][vc_column][vc_row_inner][vc_column_inner width=\u00a0\u00bb8\/12&Prime;][vc_raw_html css=\u00a0\u00bb\u00a0\u00bb]JTNDZGl2JTIwaWQlM0QlMjJhcGFydG1lbnRJZnJhbWVBbGwlMjIlM0UlMEElM0NzY3JpcHQlMjB0eXBlJTNEJTIydGV4dCUyRmphdmFzY3JpcHQlMjIlMjBzcmMlM0QlMjJodHRwcyUzQSUyRiUyRmxvZ2luLnNtb29idS5jb20lMkZqcyUyRlNldHRpbmdzJTJGQm9va2luZ1Rvb2xJZnJhbWUuanMlMjIlM0UlM0MlMkZzY3JpcHQlM0UlMEElM0NzY3JpcHQlM0VCb29raW5nVG9vbElmcmFtZS5pbml0aWFsaXplJTI4JTdCJTIydXJsJTIyJTNBJTIwJTIyaHR0cHMlM0ElMkYlMkZsb2dpbi5zbW9vYnUuY29tJTJGZGUlMkZib29raW5nLXRvb2wlMkZpZnJhbWUlMkYxNDAxOTMlM0ZuZXdUYWJBZnRlclNlYXJjaCUzRHRydWUlMjIlMkMlMjAlMjJiYXNlVXJsJTIyJTNBJTIwJTIyaHR0cHMlM0ElMkYlMkZsb2dpbi5zbW9vYnUuY29tJTIyJTJDJTIwJTIydGFyZ2V0JTIyJTNBJTIwJTIyJTIzYXBhcnRtZW50SWZyYW1lQWxsJTIyJTdEJTI5JTNDJTJGc2NyaXB0JTNFJTBBJTNDJTJGZGl2JTNF[\/vc_raw_html][\/vc_column_inner][\/vc_row_inner][vc_row_inner][vc_column_inner width=\u00a0\u00bb4\/12&Prime;][\/vc_column_inner][vc_column_inner width=\u00a0\u00bb8\/12&Prime;][vc_empty_space][vc_column_text css=\u00a0\u00bb\u00a0\u00bb]Check-in d\u00e8s 15h00 &nbsp; TERMES, CONDITIONS \u2013 R\u00c9SERVATION DE CHAMBRE Veuillez noter que votre r\u00e9servation est ferme d\u00e8s r\u00e9ception de cette lettre. Les annulations sont trait\u00e9es conform\u00e9ment \u00e0 l&rsquo;article 160 du Code [&hellip;]<\/p>\n","protected":false},"author":1,"featured_media":0,"parent":0,"menu_order":5,"comment_status":"closed","ping_status":"closed","template":"","meta":{"_acf_changed":false,"inline_featured_image":false,"footnotes":""},"class_list":["post-974","page","type-page","status-publish","hentry"],"acf":[],"_links":{"self":[{"href":"https:\/\/gasthofzumschluessel.ch\/fr\/wp-json\/wp\/v2\/pages\/974","targetHints":{"allow":["GET"]}}],"collection":[{"href":"https:\/\/gasthofzumschluessel.ch\/fr\/wp-json\/wp\/v2\/pages"}],"about":[{"href":"https:\/\/gasthofzumschluessel.ch\/fr\/wp-json\/wp\/v2\/types\/page"}],"author":[{"embeddable":true,"href":"https:\/\/gasthofzumschluessel.ch\/fr\/wp-json\/wp\/v2\/users\/1"}],"replies":[{"embeddable":true,"href":"https:\/\/gasthofzumschluessel.ch\/fr\/wp-json\/wp\/v2\/comments?post=974"}],"version-history":[{"count":9,"href":"https:\/\/gasthofzumschluessel.ch\/fr\/wp-json\/wp\/v2\/pages\/974\/revisions"}],"predecessor-version":[{"id":1382,"href":"https:\/\/gasthofzumschluessel.ch\/fr\/wp-json\/wp\/v2\/pages\/974\/revisions\/1382"}],"wp:attachment":[{"href":"https:\/\/gasthofzumschluessel.ch\/fr\/wp-json\/wp\/v2\/media?parent=974"}],"curies":[{"name":"wp","href":"https:\/\/api.w.org\/{rel}","templated":true}]}}