{"id":965,"date":"2025-03-27T16:24:48","date_gmt":"2025-03-27T15:24:48","guid":{"rendered":"http:\/\/gasthofzumschluessel.ch\/aktuell\/"},"modified":"2026-04-28T10:33:16","modified_gmt":"2026-04-28T08:33:16","slug":"actualites","status":"publish","type":"page","link":"https:\/\/gasthofzumschluessel.ch\/fr\/actualites\/","title":{"rendered":"Actualit\u00e9s"},"content":{"rendered":"<div class=\"wpb-content-wrapper\"><p>[vc_row full_width=\u00a0\u00bbstretch_row\u00a0\u00bb el_class=\u00a0\u00bbbg-secondary-color pb-0 margin-bottom-footer\u00a0\u00bb][vc_column][vc_row_inner][vc_column_inner width=\u00a0\u00bb1\/2&Prime;][vc_column_text css=\u00a0\u00bb\u00a0\u00bb]<\/p>\n<h3>\u00abN\u00fc\u00fcs us em Schl\u00fcssel\u00bb<\/h3>\n<h2>Chers h\u00f4tes<\/h2>\n<p>[\/vc_column_text][\/vc_column_inner][\/vc_row_inner][vc_row_inner][vc_column_inner width=\u00a0\u00bb1\/2&Prime;][vc_single_image image=\u00a0\u00bb1607&Prime; img_size=\u00a0\u00bbfull\u00a0\u00bb css=\u00a0\u00bb\u00a0\u00bb][vc_separator]<div class='flyerdumois'><a href='https:\/\/gasthofzumschluessel.ch\/wp-content\/uploads\/2025\/05\/01_flyer_FR-newsletter.pdf' class='button' target='_blank'>\u00abN\u00dc\u00dcS\u00bb Flyer<\/a><\/div>[\/vc_column_inner][vc_column_inner width=\u00a0\u00bb1\/2&Prime;][vc_column_text css=\u00a0\u00bb\u00a0\u00bb]Le mois de mai, ce mois de joie, est enfin l\u00e0. Des fleurs multicolores, le chant des oiseaux, le soleil qui brille dans un ciel bleu et nous met d\u00e9j\u00e0 dans l&rsquo;ambiance de l&rsquo;\u00e9t\u00e9. Nous aussi, nous entrons dans la saison chaude. Des nouveaut\u00e9s, des surprises et des classiques vous attendent&#8230;<\/p>\n<p><strong>Vin &amp; amuse-bouches<\/strong> \u2013 Tout au long du mois de mai, vous pourrez d\u00e9guster chaque vendredi soir, de 17h30 \u00e0 19h30, une s\u00e9lection de vins pour l\u2019ap\u00e9ritif. Nous vous servirons \u00e9galement de d\u00e9licieux amuse-bouches pr\u00e9par\u00e9s par notre cuisine. Venez nous rendre visite et profitez-en.<\/p>\n<p>Du 15 au 31 mai 2026, le <strong>Championnat du monde de hockey sur glace<\/strong> aura lieu \u00e0 Zurich et \u00e0 Fribourg. <strong>Notre grand \u00e9cran TV est pr\u00eat.<\/strong> Nous diffuserons autant de matchs que possible. Vous pouvez \u00e9galement participer \u00e0 notre <strong>jeu de pronostics.<\/strong> Quelle \u00e9quipe sera championne du monde en 2026? Parmi toutes les bonnes r\u00e9ponses, nous tirerons au sort:<br \/>\nun d\u00eener pour 2 personnes, une bouteille magnum de La Prella Merlot Riserva Ticino DOC Agriloro SA et un bon d&rsquo;achat d&rsquo;une valeur de CHF 50.00. <strong>Vous pouvez donner votre pronostic jusqu&rsquo;au 14 mai.<span class=\"Apple-converted-space\">\u00a0<\/span><\/strong><\/p>\n<p>Ouvert le jeudi 14 mai (Ascension) et le lundi 25 mai (lundi de Pentec\u00f4te) de 10h00 \u00e0 17h00.<\/p>\n<p><strong>Ueberstorf<\/strong> a \u00e9t\u00e9 fond\u00e9e il y a 800 ans. C&rsquo;est une bonne raison de faire la f\u00eate. Le 23 mai, la c\u00e9l\u00e9bration officielle du <strong>800e anniversaire<\/strong> aura lieu sur le terrain de football. Nous serions ravis de vous y retrouver.<\/p>\n<p>Information pr\u00e9alable:<br \/>\nLe dimanche 14 juin 2026, nous vous invitons \u00e0 un <strong>brunch<\/strong> avec les <strong>Sense Musikante.<\/strong> De 10 h \u00e0 13 h, vous pourrez vous servir au buffet copieux au prix de 36,50 CHF par personne. Caf\u00e9, th\u00e9, lait et jus d&rsquo;orange compris.<br \/>\nAnimation musicale avec les Sense Musikante. Sur r\u00e9servation uniquement.<\/p>\n<p>Avec les meilleures salutations du \u00abSchl\u00fcssel\u00bb<\/p>\n<p style=\"text-align: right;\"><span style=\"color: #000000;\"><em>Romi &amp; l&rsquo;\u00e9quipe du \u00abSchl\u00fcssel\u00bb<\/em><\/span><\/p>\n<p>[\/vc_column_text][\/vc_column_inner][\/vc_row_inner][vc_column_text css=\u00a0\u00bb\u00a0\u00bb]<\/p>\n<p style=\"text-align: center;\"><a class=\"button\" href=\"https:\/\/gasthofzumschluessel.ch\/fr\/inscription-newsletter\/\" target=\"_blank\" rel=\"noopener\">Inscription Newsletter<\/a><\/p>\n<p>[\/vc_column_text][\/vc_column][\/vc_row]<\/p>\n<\/div>","protected":false},"excerpt":{"rendered":"<p>[vc_row full_width=\u00a0\u00bbstretch_row\u00a0\u00bb el_class=\u00a0\u00bbbg-secondary-color pb-0 margin-bottom-footer\u00a0\u00bb][vc_column][vc_row_inner][vc_column_inner width=\u00a0\u00bb1\/2&Prime;][vc_column_text css=\u00a0\u00bb\u00a0\u00bb] \u00abN\u00fc\u00fcs us em Schl\u00fcssel\u00bb Chers h\u00f4tes [\/vc_column_text][\/vc_column_inner][\/vc_row_inner][vc_row_inner][vc_column_inner width=\u00a0\u00bb1\/2&Prime;][vc_single_image image=\u00a0\u00bb1607&Prime; img_size=\u00a0\u00bbfull\u00a0\u00bb css=\u00a0\u00bb\u00a0\u00bb][vc_separator][\/vc_column_inner][vc_column_inner width=\u00a0\u00bb1\/2&Prime;][vc_column_text css=\u00a0\u00bb\u00a0\u00bb]Le mois de mai, ce mois de joie, est enfin l\u00e0. Des fleurs multicolores, le chant des oiseaux, le soleil qui brille dans un ciel bleu et nous met d\u00e9j\u00e0 dans l&rsquo;ambiance de l&rsquo;\u00e9t\u00e9. Nous aussi, [&hellip;]<\/p>\n","protected":false},"author":1,"featured_media":0,"parent":0,"menu_order":1,"comment_status":"closed","ping_status":"closed","template":"","meta":{"_acf_changed":false,"inline_featured_image":false,"footnotes":""},"class_list":["post-965","page","type-page","status-publish","hentry"],"acf":[],"_links":{"self":[{"href":"https:\/\/gasthofzumschluessel.ch\/fr\/wp-json\/wp\/v2\/pages\/965","targetHints":{"allow":["GET"]}}],"collection":[{"href":"https:\/\/gasthofzumschluessel.ch\/fr\/wp-json\/wp\/v2\/pages"}],"about":[{"href":"https:\/\/gasthofzumschluessel.ch\/fr\/wp-json\/wp\/v2\/types\/page"}],"author":[{"embeddable":true,"href":"https:\/\/gasthofzumschluessel.ch\/fr\/wp-json\/wp\/v2\/users\/1"}],"replies":[{"embeddable":true,"href":"https:\/\/gasthofzumschluessel.ch\/fr\/wp-json\/wp\/v2\/comments?post=965"}],"version-history":[{"count":30,"href":"https:\/\/gasthofzumschluessel.ch\/fr\/wp-json\/wp\/v2\/pages\/965\/revisions"}],"predecessor-version":[{"id":1684,"href":"https:\/\/gasthofzumschluessel.ch\/fr\/wp-json\/wp\/v2\/pages\/965\/revisions\/1684"}],"wp:attachment":[{"href":"https:\/\/gasthofzumschluessel.ch\/fr\/wp-json\/wp\/v2\/media?parent=965"}],"curies":[{"name":"wp","href":"https:\/\/api.w.org\/{rel}","templated":true}]}}