{"id":1035,"date":"2024-10-30T09:36:59","date_gmt":"2024-10-30T08:36:59","guid":{"rendered":"http:\/\/gasthofzumschluessel.ch\/apercus\/rosslispiel-karussell\/"},"modified":"2025-09-01T11:55:46","modified_gmt":"2025-09-01T09:55:46","slug":"aire-de-jeux","status":"publish","type":"page","link":"https:\/\/gasthofzumschluessel.ch\/fr\/apercu\/aire-de-jeux\/","title":{"rendered":"Aire de jeux"},"content":{"rendered":"<div class=\"wpb-content-wrapper\"><p>[vc_row full_width=\u00a0\u00bbstretch_row\u00a0\u00bb el_class=\u00a0\u00bbbg-fourth-color margin-bottom-footer border-bottom-white\u00a0\u00bb][vc_column][vc_row_inner equal_height=\u00a0\u00bbyes\u00a0\u00bb content_placement=\u00a0\u00bbmiddle\u00a0\u00bb][vc_column_inner][vc_column_text css=\u00a0\u00bb\u00a0\u00bb]<\/p>\n<h2>Aire de jeux<\/h2>\n<p>[\/vc_column_text][\/vc_column_inner][\/vc_row_inner][vc_row_inner equal_height=\u00a0\u00bbyes\u00a0\u00bb content_placement=\u00a0\u00bbtop\u00a0\u00bb css=\u00a0\u00bb.vc_custom_1730274421496{margin-top: 30px !important;}\u00a0\u00bb][vc_column_inner width=\u00a0\u00bb1\/2&Prime;][vc_single_image image=\u00a0\u00bb713&Prime; img_size=\u00a0\u00bbfull\u00a0\u00bb css=\u00a0\u00bb.vc_custom_1737736219065{margin-bottom: 30px !important;}\u00a0\u00bb][\/vc_column_inner][vc_column_inner width=\u00a0\u00bb1\/2&Prime;][vc_column_text css=\u00a0\u00bb\u00a0\u00bb]Nous accueillons chaleureusement tous nos jeunes h\u00f4tes. Une petite aire de jeux fait briller les yeux des enfants. Il y a beaucoup \u00e0 d\u00e9couvrir&#8230; et toutes sortes de surprises vous attendent.<\/p>\n<p>&nbsp;<\/p>\n<p><em>A l\u2019\u00e9poque\u2026<\/em><br \/>\n<em>En novembre, on c\u00e9l\u00e8bre la B\u00e9nichon. Autrefois, tout le village se rassemblait au Schl\u00fcssel pour festoyer et danser. Un carrousel \u00e9tait install\u00e9 durant une semaine devant le Schl\u00fcssel, pour les enfants. Aujourd&rsquo;hui, notre carrousel \u00e9merveille nos jeunes h\u00f4tes.<\/em>[\/vc_column_text][\/vc_column_inner][\/vc_row_inner][\/vc_column][\/vc_row]<\/p>\n<\/div>","protected":false},"excerpt":{"rendered":"<p>[vc_row full_width=\u00a0\u00bbstretch_row\u00a0\u00bb el_class=\u00a0\u00bbbg-fourth-color margin-bottom-footer border-bottom-white\u00a0\u00bb][vc_column][vc_row_inner equal_height=\u00a0\u00bbyes\u00a0\u00bb content_placement=\u00a0\u00bbmiddle\u00a0\u00bb][vc_column_inner][vc_column_text css=\u00a0\u00bb\u00a0\u00bb] Aire de jeux [\/vc_column_text][\/vc_column_inner][\/vc_row_inner][vc_row_inner equal_height=\u00a0\u00bbyes\u00a0\u00bb content_placement=\u00a0\u00bbtop\u00a0\u00bb css=\u00a0\u00bb.vc_custom_1730274421496{margin-top: 30px !important;}\u00a0\u00bb][vc_column_inner width=\u00a0\u00bb1\/2&Prime;][vc_single_image image=\u00a0\u00bb713&Prime; img_size=\u00a0\u00bbfull\u00a0\u00bb css=\u00a0\u00bb.vc_custom_1737736219065{margin-bottom: 30px !important;}\u00a0\u00bb][\/vc_column_inner][vc_column_inner width=\u00a0\u00bb1\/2&Prime;][vc_column_text css=\u00a0\u00bb\u00a0\u00bb]Nous accueillons chaleureusement tous nos jeunes h\u00f4tes. Une petite aire de jeux fait briller les yeux des enfants. Il y a beaucoup \u00e0 d\u00e9couvrir&#8230; et toutes sortes de surprises vous attendent. [&hellip;]<\/p>\n","protected":false},"author":1,"featured_media":0,"parent":1015,"menu_order":56,"comment_status":"closed","ping_status":"closed","template":"","meta":{"_acf_changed":false,"inline_featured_image":false,"footnotes":""},"class_list":["post-1035","page","type-page","status-publish","hentry"],"acf":[],"_links":{"self":[{"href":"https:\/\/gasthofzumschluessel.ch\/fr\/wp-json\/wp\/v2\/pages\/1035","targetHints":{"allow":["GET"]}}],"collection":[{"href":"https:\/\/gasthofzumschluessel.ch\/fr\/wp-json\/wp\/v2\/pages"}],"about":[{"href":"https:\/\/gasthofzumschluessel.ch\/fr\/wp-json\/wp\/v2\/types\/page"}],"author":[{"embeddable":true,"href":"https:\/\/gasthofzumschluessel.ch\/fr\/wp-json\/wp\/v2\/users\/1"}],"replies":[{"embeddable":true,"href":"https:\/\/gasthofzumschluessel.ch\/fr\/wp-json\/wp\/v2\/comments?post=1035"}],"version-history":[{"count":3,"href":"https:\/\/gasthofzumschluessel.ch\/fr\/wp-json\/wp\/v2\/pages\/1035\/revisions"}],"predecessor-version":[{"id":1092,"href":"https:\/\/gasthofzumschluessel.ch\/fr\/wp-json\/wp\/v2\/pages\/1035\/revisions\/1092"}],"up":[{"embeddable":true,"href":"https:\/\/gasthofzumschluessel.ch\/fr\/wp-json\/wp\/v2\/pages\/1015"}],"wp:attachment":[{"href":"https:\/\/gasthofzumschluessel.ch\/fr\/wp-json\/wp\/v2\/media?parent=1035"}],"curies":[{"name":"wp","href":"https:\/\/api.w.org\/{rel}","templated":true}]}}