{"id":1021,"date":"2024-10-30T09:13:49","date_gmt":"2024-10-30T08:13:49","guid":{"rendered":"http:\/\/gasthofzumschluessel.ch\/apercus\/saali\/"},"modified":"2026-01-22T17:55:06","modified_gmt":"2026-01-22T16:55:06","slug":"la-petite-salle","status":"publish","type":"page","link":"https:\/\/gasthofzumschluessel.ch\/fr\/apercu\/la-petite-salle\/","title":{"rendered":"La petite salle"},"content":{"rendered":"<div class=\"wpb-content-wrapper\"><p>[vc_row full_width=\u00a0\u00bbstretch_row\u00a0\u00bb el_class=\u00a0\u00bbbg-fourth-color margin-bottom-footer border-bottom-white\u00a0\u00bb][vc_column][vc_row_inner equal_height=\u00a0\u00bbyes\u00a0\u00bb content_placement=\u00a0\u00bbmiddle\u00a0\u00bb][vc_column_inner width=\u00a0\u00bb1\/2&Prime;][vc_column_text css=\u00a0\u00bb\u00a0\u00bb]<\/p>\n<h2><b>La petite salle<\/b><\/h2>\n<p>max. 26 personnes[\/vc_column_text][\/vc_column_inner][vc_column_inner width=\u00a0\u00bb1\/2&Prime;][\/vc_column_inner][\/vc_row_inner][vc_row_inner equal_height=\u00a0\u00bbyes\u00a0\u00bb content_placement=\u00a0\u00bbtop\u00a0\u00bb css=\u00a0\u00bb.vc_custom_1730274421496{margin-top: 30px !important;}\u00a0\u00bb][vc_column_inner width=\u00a0\u00bb1\/2&Prime;][vc_single_image image=\u00a0\u00bb725&Prime; img_size=\u00a0\u00bbfull\u00a0\u00bb css=\u00a0\u00bb.vc_custom_1737735844548{margin-bottom: 30px !important;}\u00a0\u00bb][vc_single_image image=\u00a0\u00bb726&Prime; img_size=\u00a0\u00bbfull\u00a0\u00bb css=\u00a0\u00bb\u00a0\u00bb][\/vc_column_inner][vc_column_inner width=\u00a0\u00bb1\/2&Prime;][vc_column_text css=\u00a0\u00bb\u00a0\u00bb]Proche du caf\u00e9 mais pourtant un peu pour vous\u2026<br \/>\nLumineuse et chaleureuse, avec de nombreux souvenirs anciens, notre petite salle \u00e0 manger invite \u00e0 la d\u00e9tente. Que ce soit pour un repas d\u2019affaires, un t\u00eate-\u00e0-t\u00eate ou sur une id\u00e9e spontan\u00e9e, vous vous y sentez tout simplement chez vous.<br \/>\nLa petite salle se pr\u00eate aussi parfaitement aux petites f\u00eates de familles, aux s\u00e9ances ou aux manifestations associatives.<\/p>\n<p>&nbsp;<\/p>\n<p><em>A l\u2019\u00e9poque\u2026<\/em><br \/>\n<em>La petite salle a \u00e9t\u00e9 am\u00e9nag\u00e9e dans les ann\u00e9es 50. Con\u00e7ue \u00e0 l\u2019origine comme une salle \u00e0 manger, elle est rapidement devenue le lieu de rendez-vous des jeunes d\u2019Ueberstorf. Elle a accueilli l\u2019un des premiers postes de t\u00e9l\u00e9vision d\u2019Ueberstorf. Bien entendu, on y trouvait aussi un jukebox et un flipper.<\/em><\/p>\n<p><em>Pour l\u2019essentiel, la pi\u00e8ce est rest\u00e9e telle qu\u2019elle a \u00e9t\u00e9 am\u00e9nag\u00e9e dans les ann\u00e9es 50. Nos meubles anciens et le superbe plafonnier apportent une ambiance tr\u00e8s agr\u00e9able \u00e0 la salle.<\/em>[\/vc_column_text][\/vc_column_inner][\/vc_row_inner][\/vc_column][\/vc_row]<\/p>\n<\/div>","protected":false},"excerpt":{"rendered":"<p>[vc_row full_width=\u00a0\u00bbstretch_row\u00a0\u00bb el_class=\u00a0\u00bbbg-fourth-color margin-bottom-footer border-bottom-white\u00a0\u00bb][vc_column][vc_row_inner equal_height=\u00a0\u00bbyes\u00a0\u00bb content_placement=\u00a0\u00bbmiddle\u00a0\u00bb][vc_column_inner width=\u00a0\u00bb1\/2&Prime;][vc_column_text css=\u00a0\u00bb\u00a0\u00bb] La petite salle max. 26 personnes[\/vc_column_text][\/vc_column_inner][vc_column_inner width=\u00a0\u00bb1\/2&Prime;][\/vc_column_inner][\/vc_row_inner][vc_row_inner equal_height=\u00a0\u00bbyes\u00a0\u00bb content_placement=\u00a0\u00bbtop\u00a0\u00bb css=\u00a0\u00bb.vc_custom_1730274421496{margin-top: 30px !important;}\u00a0\u00bb][vc_column_inner width=\u00a0\u00bb1\/2&Prime;][vc_single_image image=\u00a0\u00bb725&Prime; img_size=\u00a0\u00bbfull\u00a0\u00bb css=\u00a0\u00bb.vc_custom_1737735844548{margin-bottom: 30px !important;}\u00a0\u00bb][vc_single_image image=\u00a0\u00bb726&Prime; img_size=\u00a0\u00bbfull\u00a0\u00bb css=\u00a0\u00bb\u00a0\u00bb][\/vc_column_inner][vc_column_inner width=\u00a0\u00bb1\/2&Prime;][vc_column_text css=\u00a0\u00bb\u00a0\u00bb]Proche du caf\u00e9 mais pourtant un peu pour vous\u2026 Lumineuse et chaleureuse, avec de nombreux souvenirs anciens, notre petite salle \u00e0 manger invite \u00e0 [&hellip;]<\/p>\n","protected":false},"author":1,"featured_media":0,"parent":1015,"menu_order":41,"comment_status":"closed","ping_status":"closed","template":"","meta":{"_acf_changed":false,"inline_featured_image":false,"footnotes":""},"class_list":["post-1021","page","type-page","status-publish","hentry"],"acf":[],"_links":{"self":[{"href":"https:\/\/gasthofzumschluessel.ch\/fr\/wp-json\/wp\/v2\/pages\/1021","targetHints":{"allow":["GET"]}}],"collection":[{"href":"https:\/\/gasthofzumschluessel.ch\/fr\/wp-json\/wp\/v2\/pages"}],"about":[{"href":"https:\/\/gasthofzumschluessel.ch\/fr\/wp-json\/wp\/v2\/types\/page"}],"author":[{"embeddable":true,"href":"https:\/\/gasthofzumschluessel.ch\/fr\/wp-json\/wp\/v2\/users\/1"}],"replies":[{"embeddable":true,"href":"https:\/\/gasthofzumschluessel.ch\/fr\/wp-json\/wp\/v2\/comments?post=1021"}],"version-history":[{"count":5,"href":"https:\/\/gasthofzumschluessel.ch\/fr\/wp-json\/wp\/v2\/pages\/1021\/revisions"}],"predecessor-version":[{"id":1565,"href":"https:\/\/gasthofzumschluessel.ch\/fr\/wp-json\/wp\/v2\/pages\/1021\/revisions\/1565"}],"up":[{"embeddable":true,"href":"https:\/\/gasthofzumschluessel.ch\/fr\/wp-json\/wp\/v2\/pages\/1015"}],"wp:attachment":[{"href":"https:\/\/gasthofzumschluessel.ch\/fr\/wp-json\/wp\/v2\/media?parent=1021"}],"curies":[{"name":"wp","href":"https:\/\/api.w.org\/{rel}","templated":true}]}}