{"id":1017,"date":"2024-10-30T08:01:39","date_gmt":"2024-10-30T07:01:39","guid":{"rendered":"http:\/\/gasthofzumschluessel.ch\/apercus\/gaststube\/"},"modified":"2025-06-12T16:19:48","modified_gmt":"2025-06-12T14:19:48","slug":"le-cafe","status":"publish","type":"page","link":"https:\/\/gasthofzumschluessel.ch\/fr\/apercu\/le-cafe\/","title":{"rendered":"Le caf\u00e9"},"content":{"rendered":"<div class=\"wpb-content-wrapper\"><p>[vc_row full_width=\u00a0\u00bbstretch_row\u00a0\u00bb el_class=\u00a0\u00bbbg-fourth-color margin-bottom-footer border-bottom-white\u00a0\u00bb][vc_column][vc_row_inner equal_height=\u00a0\u00bbyes\u00a0\u00bb content_placement=\u00a0\u00bbmiddle\u00a0\u00bb][vc_column_inner width=\u00a0\u00bb1\/2&Prime;][vc_column_text css=\u00a0\u00bb\u00a0\u00bb]<\/p>\n<h2><b>Le caf\u00e9<\/b><\/h2>\n<p>52 places[\/vc_column_text][\/vc_column_inner][vc_column_inner width=\u00a0\u00bb1\/2&Prime;][\/vc_column_inner][\/vc_row_inner][vc_row_inner equal_height=\u00a0\u00bbyes\u00a0\u00bb content_placement=\u00a0\u00bbtop\u00a0\u00bb css=\u00a0\u00bb.vc_custom_1730274421496{margin-top: 30px !important;}\u00a0\u00bb][vc_column_inner width=\u00a0\u00bb1\/2&Prime;][vc_single_image image=\u00a0\u00bb708&Prime; img_size=\u00a0\u00bbfull\u00a0\u00bb css=\u00a0\u00bb.vc_custom_1737735734007{margin-bottom: 30px !important;}\u00a0\u00bb][vc_single_image image=\u00a0\u00bb711&Prime; img_size=\u00a0\u00bbfull\u00a0\u00bb css=\u00a0\u00bb\u00a0\u00bb][\/vc_column_inner][vc_column_inner width=\u00a0\u00bb1\/2&Prime;][vc_column_text css=\u00a0\u00bb\u00a0\u00bb]Dans notre agr\u00e9able caf\u00e9, on ne reste jamais seul longtemps. On se r\u00e9unit \u00e0 la \u00abStammtisch\u00bb pour discuter, on d\u00e9guste une bi\u00e8re fra\u00eeche apr\u00e8s le travail ou on rencontre des amis pour un savoureux repas.\u00a0<span class=\"Apple-converted-space\"><br \/>\n<\/span>Pour beaucoup de nos 37 soci\u00e9t\u00e9s villageoises, il s\u2019agit d\u2019un lieu de rendez-vous hebdomadaire.<span class=\"Apple-converted-space\"><br \/>\n<\/span>Qui veut sentir le pouls d\u2019Ueberstorf s\u2019y assoit et se retrouve au c\u0153ur de l\u2019ambiance du village.<\/p>\n<p>&nbsp;<\/p>\n<p><em>A l\u2019\u00e9poque\u2026<br \/>\n<\/em><em>La b\u00e2tisse a appartenu \u00e0 la famille Siffert-Boschung sur plusieurs g\u00e9n\u00e9rations. Le premier \u00abconseiller national singinois\u00bb Franz Boschung (Conseil national 1916\u20131934) accueillait des h\u00f4tes du monde entier dans sa maison familiale.<span class=\"Apple-converted-space\">\u00a0<\/span><\/em><\/p>\n<p><em>A l\u2019\u00e9poque, on y trouvait d\u00e9j\u00e0 un t\u00e9l\u00e9phone. Quand quelqu\u2019un composait le num\u00e9ro deux, le t\u00e9l\u00e9phone sonnait au Schl\u00fcssel.<span class=\"Apple-converted-space\">\u00a0<\/span><\/em><\/p>\n<p><em>Le Schl\u00fcssel a toujours \u00e9t\u00e9 le point central de notre village. Il n\u2019est donc pas surprenant qu\u2019un grand nombre de nos soci\u00e9t\u00e9s y aient \u00e9t\u00e9 fond\u00e9es.<\/em><\/p>\n<p><em>Le caf\u00e9 a \u00e9t\u00e9 r\u00e9nov\u00e9 et transform\u00e9 dans les ann\u00e9es 50. Le sol, les niches, les d\u00e9tails en fer forg\u00e9, ainsi que les plafonniers actuels datent de cette \u00e9poque.<\/em>[\/vc_column_text][\/vc_column_inner][\/vc_row_inner][\/vc_column][\/vc_row]<\/p>\n<\/div>","protected":false},"excerpt":{"rendered":"<p>[vc_row full_width=\u00a0\u00bbstretch_row\u00a0\u00bb el_class=\u00a0\u00bbbg-fourth-color margin-bottom-footer border-bottom-white\u00a0\u00bb][vc_column][vc_row_inner equal_height=\u00a0\u00bbyes\u00a0\u00bb content_placement=\u00a0\u00bbmiddle\u00a0\u00bb][vc_column_inner width=\u00a0\u00bb1\/2&Prime;][vc_column_text css=\u00a0\u00bb\u00a0\u00bb] Le caf\u00e9 52 places[\/vc_column_text][\/vc_column_inner][vc_column_inner width=\u00a0\u00bb1\/2&Prime;][\/vc_column_inner][\/vc_row_inner][vc_row_inner equal_height=\u00a0\u00bbyes\u00a0\u00bb content_placement=\u00a0\u00bbtop\u00a0\u00bb css=\u00a0\u00bb.vc_custom_1730274421496{margin-top: 30px !important;}\u00a0\u00bb][vc_column_inner width=\u00a0\u00bb1\/2&Prime;][vc_single_image image=\u00a0\u00bb708&Prime; img_size=\u00a0\u00bbfull\u00a0\u00bb css=\u00a0\u00bb.vc_custom_1737735734007{margin-bottom: 30px !important;}\u00a0\u00bb][vc_single_image image=\u00a0\u00bb711&Prime; img_size=\u00a0\u00bbfull\u00a0\u00bb css=\u00a0\u00bb\u00a0\u00bb][\/vc_column_inner][vc_column_inner width=\u00a0\u00bb1\/2&Prime;][vc_column_text css=\u00a0\u00bb\u00a0\u00bb]Dans notre agr\u00e9able caf\u00e9, on ne reste jamais seul longtemps. On se r\u00e9unit \u00e0 la \u00abStammtisch\u00bb pour discuter, on d\u00e9guste une bi\u00e8re fra\u00eeche apr\u00e8s le travail [&hellip;]<\/p>\n","protected":false},"author":1,"featured_media":0,"parent":1015,"menu_order":36,"comment_status":"closed","ping_status":"closed","template":"","meta":{"_acf_changed":false,"inline_featured_image":false,"footnotes":""},"class_list":["post-1017","page","type-page","status-publish","hentry"],"acf":[],"_links":{"self":[{"href":"https:\/\/gasthofzumschluessel.ch\/fr\/wp-json\/wp\/v2\/pages\/1017","targetHints":{"allow":["GET"]}}],"collection":[{"href":"https:\/\/gasthofzumschluessel.ch\/fr\/wp-json\/wp\/v2\/pages"}],"about":[{"href":"https:\/\/gasthofzumschluessel.ch\/fr\/wp-json\/wp\/v2\/types\/page"}],"author":[{"embeddable":true,"href":"https:\/\/gasthofzumschluessel.ch\/fr\/wp-json\/wp\/v2\/users\/1"}],"replies":[{"embeddable":true,"href":"https:\/\/gasthofzumschluessel.ch\/fr\/wp-json\/wp\/v2\/comments?post=1017"}],"version-history":[{"count":4,"href":"https:\/\/gasthofzumschluessel.ch\/fr\/wp-json\/wp\/v2\/pages\/1017\/revisions"}],"predecessor-version":[{"id":1073,"href":"https:\/\/gasthofzumschluessel.ch\/fr\/wp-json\/wp\/v2\/pages\/1017\/revisions\/1073"}],"up":[{"embeddable":true,"href":"https:\/\/gasthofzumschluessel.ch\/fr\/wp-json\/wp\/v2\/pages\/1015"}],"wp:attachment":[{"href":"https:\/\/gasthofzumschluessel.ch\/fr\/wp-json\/wp\/v2\/media?parent=1017"}],"curies":[{"name":"wp","href":"https:\/\/api.w.org\/{rel}","templated":true}]}}