{"id":1013,"date":"2024-11-07T10:32:26","date_gmt":"2024-11-07T09:32:26","guid":{"rendered":"http:\/\/gasthofzumschluessel.ch\/datenschutz\/"},"modified":"2025-04-14T11:02:26","modified_gmt":"2025-04-14T09:02:26","slug":"protection-des-donnees","status":"publish","type":"page","link":"https:\/\/gasthofzumschluessel.ch\/fr\/protection-des-donnees\/","title":{"rendered":"Protection des donn\u00e9es"},"content":{"rendered":"<div class=\"wpb-content-wrapper\"><p>[vc_row full_width=\u00a0\u00bbstretch_row\u00a0\u00bb el_class=\u00a0\u00bbmargin-bottom-footer bg-secondary-color font-third-color\u00a0\u00bb][vc_column][vc_row_inner equal_height=\u00a0\u00bbyes\u00a0\u00bb content_placement=\u00a0\u00bbmiddle\u00a0\u00bb][vc_column_inner][vc_column_text css=\u00a0\u00bb\u00a0\u00bb]<\/p>\n<h3>Gasthof zum Schl\u00fcssel<\/h3>\n<h2>Datenschutzerkl\u00e4rung<\/h2>\n<p>[\/vc_column_text][\/vc_column_inner][\/vc_row_inner][vc_row_inner][vc_column_inner width=\u00a0\u00bb8\/12&Prime;][vc_column_text css=\u00a0\u00bb\u00a0\u00bb]<strong>NAME UND KONTAKT DES VERANTWORTLICHEN GEM\u00c4SS ARTIKEL 4 ABS. 7 DSGVO<\/strong><\/p>\n<p>Gasthof zum Schl\u00fcssel<br \/>\nLa M\u00e9ridienne Fribourg S.A.<br \/>\nDorfstrasse 1<br \/>\n3182 Ueberstorf<br \/>\n031 742 22 40<br \/>\nkontakt@gasthofzumschluessel.ch<br \/>\nwww.gasthofzumschluessel.ch<\/p>\n<p>&nbsp;<\/p>\n<p><strong>DATENSCHUTZBEAUFTRAGTE:<\/strong><\/p>\n<p>Romi Morf<br \/>\nromi@gasthofzumschluessel.ch<\/p>\n<p>&nbsp;<\/p>\n<p><strong>SICHERHEIT UND SCHUTZ IHRER PERSONENBEZOGENEN DATEN<\/strong><\/p>\n<p>Wir betrachten es als unsere vorrangige Aufgabe, die Vertraulichkeit der von Ihnen bereitgestellten personenbezogenen Daten zu wahren und diese vor unbefugten Zugriffen zu sch\u00fctzen. Deshalb wenden wir \u00e4u\u00dferste Sorgfalt und modernste Sicherheitsstandards an, um einen maximalen Schutz Ihrer personenbezogenen Daten zu gew\u00e4hrleisten.<\/p>\n<p>Diese Webseite unterliegt schweizerischem Datenschutzrecht, insbesondere gem\u00e4ss dem\u00a0Bundesgesetz \u00fcber den Datenschutz\u00a0(DSG) sowie allenfalls anwendbarem ausl\u00e4ndischem Datenschutzrecht wie beispielsweise der\u00a0Datenschutz-Grundverordnung\u00a0(DSGVO) der Europ\u00e4ischen Union (EU). Die EU\u00a0anerkennt, dass das schweizerische Datenschutzrecht einen angemessenen Datenschutz gew\u00e4hrleistet.<\/p>\n<p>Wir k\u00f6nnen unsere Datenschutzerkl\u00e4rung jederzeit durch Ver\u00f6ffentlichung auf dieser Website anpassen.<\/p>\n<p>Wenn wir Personendaten bearbeiten, halten wir uns dabei an die Vorgaben des schweizerischen Datenschutzrechtes. Dar\u00fcberhinaus bearbeiten wir \u2013 soweit und sofern anwendbar \u2013 die Daten gem\u00e4ss den Rechtsgrundlagen der europ\u00e4ischen Datenschutz-Grundverordnung (DSGVO).<\/p>\n<p>Rechtsgrundlage f\u00fcr die Verarbeitung k\u00f6nnen gem\u00e4\u00df Artikel 6 Abs. 1<br \/>\nlit. a \u2013 f DSGVO insbesondere sein:<\/p>\n<p>a.\u00a0\u00a0\u00a0\u00a0Die betroffene Person hat ihre Einwilligung zu der Verarbeitung der sie betreffenden personenbezogenen Daten f\u00fcr einen oder mehrere bestimmte Zwecke gegeben;<\/p>\n<p>b.\u00a0\u00a0\u00a0\u00a0die Verarbeitung ist f\u00fcr die Erf\u00fcllung eines Vertrags, dessen Vertragspartei die betroffene Person ist, oder zur Durchf\u00fchrung vorvertraglicher Ma\u00dfnahmen erforderlich, die auf Anfrage der betroffenen Person erfolgen;<\/p>\n<p>c.\u00a0\u00a0\u00a0\u00a0\u00a0die Verarbeitung ist zur Erf\u00fcllung einer rechtlichen Verpflichtung erforderlich, der der Verantwortliche unterliegt;<\/p>\n<p>d.\u00a0\u00a0\u00a0\u00a0die Verarbeitung ist erforderlich, um lebenswichtige Interessen der betroffenen Person oder einer anderen nat\u00fcrlichen Person zu sch\u00fctzen;<\/p>\n<p>e.\u00a0\u00a0\u00a0\u00a0die Verarbeitung ist f\u00fcr die Wahrnehmung einer Aufgabe erforderlich, die im \u00f6ffentlichen Interesse liegt oder in Aus\u00fcbung \u00f6ffentlicher Gewalt erfolgt, die dem Verantwortlichen \u00fcbertragen wurde;<\/p>\n<p>f.\u00a0\u00a0\u00a0\u00a0\u00a0die Verarbeitung ist zur Wahrung der berechtigten Interessen des Verantwortlichen oder eines Dritten erforderlich, sofern nicht die Interessen oder Grundrechte und Grundfreiheiten der betroffenen Person, die den Schutz personenbezogener Daten erfordern, \u00fcberwiegen, insbesondere dann, wenn es sich bei der betroffenen Person um ein Kind handelt.<\/p>\n<p>&nbsp;<\/p>\n<p><strong>INFORMATION \u00dcBER DIE ERHEBUNG PERSONENBEZOGENER DATEN<\/strong><\/p>\n<p>(1) Im Folgenden informieren wir \u00fcber die Erhebung personenbezogener Daten bei Nutzung unserer Website. Personenbezogene Daten sind z.\u2009B. Name, Adresse, E-Mail-Adressen, Nutzerverhalten.<\/p>\n<p>(2) Bei einer Kontaktaufnahme mit uns per E-Mail oder \u00fcbe rein Kontaktformular werden die von Ihnen mitgeteilten Daten (Ihre E-Mail-Adresse, ggf. Ihr Name und Ihre Telefonnummer) von uns gespeichert, um Ihre Fragen zu beantworten. Die in diesem Zusammenhang anfallenden Daten l\u00f6schen wir, nachdem die Speicherung nicht mehr erforderlich ist, oder die Verarbeitung wird eingeschr\u00e4nkt, falls gesetzliche Aufbewahrungspflichten bestehen.<\/p>\n<p>&nbsp;<\/p>\n<p><strong>ERHEBUNG PERSONENBEZOGENER DATEN BEI BESUCH UNSERER WEBSITE<\/strong><\/p>\n<p>Bei der blo\u00df informatorischen Nutzung der Website, also wenn Sie sich nicht registrieren oder uns anderweitig Informationen \u00fcbermitteln, erheben wir nur die personenbezogenen Daten, die Ihr Browser an unseren Server \u00fcbermittelt. Wenn Sie unsere Website betrachten m\u00f6chten, erheben wir die folgenden Daten, die f\u00fcr uns technisch erforderlich sind, um Ihnen unsere Website anzuzeigen und die Stabilit\u00e4t und Sicherheit zu gew\u00e4hrleisten (Rechtsgrundlage ist Art. 6 Abs. 1 S. 1 lit. f DSGVO):<\/p>\n<p>\u2013\u00a0\u00a0\u00a0\u00a0\u00a0IP-Adresse<br \/>\n\u2013\u00a0\u00a0\u00a0\u00a0 Datum und Uhrzeit der Anfrage<br \/>\n\u2013\u00a0\u00a0\u00a0\u00a0 Zeitzonendifferenz zur Greenwich Mean Time (GMT)<br \/>\n\u2013\u00a0\u00a0\u00a0\u00a0 Inhalt der Anforderung (konkrete Seite)<br \/>\n\u2013\u00a0\u00a0\u00a0\u00a0 Zugriffsstatus\/HTTP-Statuscode<br \/>\n\u2013\u00a0\u00a0\u00a0\u00a0 jeweils \u00fcbertragene Datenmenge<br \/>\n\u2013\u00a0\u00a0\u00a0\u00a0 Website, von der die Anforderung kommt<br \/>\n\u2013\u00a0\u00a0\u00a0\u00a0 Browser<br \/>\n\u2013\u00a0\u00a0\u00a0\u00a0 Betriebssystem und dessen Oberfl\u00e4che<br \/>\n\u2013\u00a0\u00a0\u00a0\u00a0\u00a0Sprache und Version der Browsersoftware.<\/p>\n<p>&nbsp;<\/p>\n<p><strong>EINSATZ VON COOKIES<\/strong><\/p>\n<p>(1) Zus\u00e4tzlich zu den zuvor genannten Daten werden bei der Nutzung unserer Website Cookies auf Ihrem Rechner gespeichert. Bei Cookies handelt es sich um kleine Textdateien, die auf Ihrer Festplatte dem von Ihnen verwendeten Browser zugeordnet gespeichert werden und durch welche der Stelle, die den Cookie setzt, bestimmte Informationen zuflie\u00dfen. Cookies k\u00f6nnen keine Programme ausf\u00fchren oder Viren auf Ihren Computer \u00fcbertragen. Sie dienen dazu, das Internetangebot insgesamt nutzerfreundlicher und effektiver zu machen.<\/p>\n<p>(2) Diese Website nutzt folgende Arten von Cookies, deren Umfang und Funktionsweise im Folgenden erl\u00e4utert werden:<\/p>\n<p>\u2013\u00a0\u00a0\u00a0\u00a0\u00a0Transiente Cookies (dazu a.)<br \/>\n\u2013\u00a0\u00a0\u00a0\u00a0\u00a0Persistente Cookies (dazu b.).<\/p>\n<p>a.\u00a0\u00a0\u00a0\u00a0Transiente Cookies werden automatisiert gel\u00f6scht, wenn Sie den Browser schlie\u00dfen. Dazu z\u00e4hlen insbesondere die Session-Cookies. Diese speichern eine sogenannte Session-ID, mit welcher sich verschiedene Anfragen Ihres Browsers der gemeinsamen Sitzung zuordnen lassen. Dadurch kann Ihr Rechner wiedererkannt werden, wenn Sie auf unsere Website zur\u00fcckkehren. Die Session-Cookies werden gel\u00f6scht, wenn Sie sich ausloggen oder den Browser schlie\u00dfen.<\/p>\n<p>b.\u00a0\u00a0\u00a0\u00a0Persistente Cookies werden automatisiert nach einer vorgegebenen Dauer gel\u00f6scht, die sich je nach Cookie unterscheiden kann. Sie k\u00f6nnen die Cookies in den Sicherheitseinstellungen Ihres Browsers jederzeit l\u00f6schen.<\/p>\n<p>c.\u00a0\u00a0\u00a0\u00a0\u00a0Sie k\u00f6nnen Ihre Browser-Einstellung entsprechend Ihren W\u00fcnschen konfigurieren und<\/p>\n<p>z.\u2009B. die Annahme von Third-Party-Cookies oder allen Cookies ablehnen. Sog. \u201eThird Party Cookies\u201c sind Cookies, die durch einen Dritten gesetzt wurden, folglich nicht durch die eigentliche Website auf der man sich gerade befindet. Wir weisen Sie darauf hin, dass Sie durch die Deaktivierung von Cookies eventuell nicht alle Funktionen dieser Website nutzen k\u00f6nnen.<\/p>\n<p>&nbsp;<\/p>\n<p><strong>WEITERE FUNKTIONEN UND ANGEBOTE UNSERER WEBSITE<\/strong><\/p>\n<p>(1) Neben der rein informatorischen Nutzung unserer Website bieten wir verschiedene Leistungen an, die Sie bei Interesse nutzen k\u00f6nnen. Dazu m\u00fcssen Sie in der Regel weitere personenbezogene Daten angeben, die wir zur Erbringung der jeweiligen Leistung nutzen und f\u00fcr die die zuvor genannten Grunds\u00e4tze zur Datenverarbeitung gelten.<\/p>\n<p>(2) Teilweise bedienen wir uns zur Verarbeitung Ihrer Daten externer Dienstleister. Diese wurden von uns sorgf\u00e4ltig ausgew\u00e4hlt und beauftragt, sind an unsere Weisungen gebunden und werden regelm\u00e4\u00dfig kontrolliert.<\/p>\n<p>(3) Soweit unsere Dienstleister oder Partner ihren Sitz in einem Staat au\u00dferhalb des Europ\u00e4ischen Wirtschaftsraumen (EWR) haben, informieren wir Sie \u00fcber die Folgen dieses Umstands in der Beschreibung des Angebotes.<\/p>\n<p>&nbsp;<\/p>\n<p><strong>NUTZUNG UNSERES WEBSHOPS<\/strong><\/p>\n<p>(1) Wenn Sie in unserem Webshop bestellen m\u00f6chten, ist es f\u00fcr den Vertragsabschluss erforderlich, dass Sie Ihre pers\u00f6nlichen Daten angeben, die wir f\u00fcr die Abwicklung Ihrer Bestellung ben\u00f6tigen. F\u00fcr die Abwicklung der Vertr\u00e4ge notwendige Pflichtangaben sind gesondert markiert, weitere Angaben sind freiwillig. Die von Ihnen angegebenen Daten verarbeiten wir zur Abwicklung Ihrer Bestellung. Dazu k\u00f6nnen wir Ihre Zahlungsdaten an unsere Hausbank weitergeben. Rechtsgrundlage hierf\u00fcr ist Art. 6 Abs. 1 S. 1 lit. b DSGVO. Sie k\u00f6nnen freiwillig ein Kundenkonto anlegen, durch das wir Ihre Daten f\u00fcr sp\u00e4tere weitere Eink\u00e4ufe speichern k\u00f6nnen. Bei Anlegung eines Accounts unter \u201eMein Konto\u201c werden die von Ihnen angegebenen Daten widerruflich gespeichert. Alle weiteren Daten, inklusive Ihres Nutzerkontos, k\u00f6nnen Sie im Kundenbereich stets l\u00f6schen<\/p>\n<p>(2) Wir sind aufgrund handels- und steuerrechtlicher Vorgaben verpflichtet, Ihre Adress-, Zahlungs- und Bestelldaten f\u00fcr die Dauer von zehn Jahren zu speichern. Allerdings nehmen wir nach zwei Jahren eine Einschr\u00e4nkung der Verarbeitung vor, d.\u2009h. Ihre Daten werden nur zur Einhaltung der gesetzlichen Verpflichtungen eingesetzt.<\/p>\n<p>(3) Zur Verhinderung unberechtigter Zugriffe Dritter auf Ihre pers\u00f6nlichen Daten, insbesondere Finanzdaten, wird der Bestellvorgang per TLS-Technik verschl\u00fcsselt.<\/p>\n<p>Datenschutzbestimmungen bei der Verwendung von externen Zahlungsdienstleistern<\/p>\n<p>(1) Wir bieten f\u00fcr die Nutzung des Webshops mehrere Zahlungsmethoden an und bedienen uns dabei unterschiedlicher Zahlungsdienstleiter. Je nachdem f\u00fcr welche Zahlungsart Sie sich entscheiden, werden unterschiedliche Daten an den jeweiligen Zahlungsdienstleister \u00fcbermittelt. Die Rechtsgrundlage f\u00fcr die \u00dcbermittlung ist Art. 6 Abs. 1 S. 1 lit. a DSGVO. Nachfolgend listen wir Ihnen unsere Zahlungsdienstleister auf.<\/p>\n<p>&nbsp;<\/p>\n<p><strong>KINDER<\/strong><\/p>\n<p>Unser Angebot richtet sich grunds\u00e4tzlich an Erwachsene. Personen unter 18 Jahren sollten ohne Zustimmung der Eltern oder Erziehungsberechtigten keine personenbezogenen Daten an uns \u00fcbermitteln.<\/p>\n<p>&nbsp;<\/p>\n<p><strong>RECHTE VON BETROFFENEN PERSONEN<\/strong><\/p>\n<p>Wer unsere Website besucht, aber auch alle anderen Personen, k\u00f6nnen unentgeltlich von uns eine Best\u00e4tigung verlangen, ob ihre Personendaten durch uns bearbeitet werden.<\/p>\n<p>Wenn Ihre Personendaten durch uns bearbeitet werden, k\u00f6nnen Sie:<br \/>\n\u2013 eine Auskunft \u00fcber die Bearbeitung verlangen<br \/>\n\u2013 die Bearbeitung einschr\u00e4nken lassen<br \/>\n\u2013 ihr Recht auf Daten\u00fcbertragbarkeit \u2013 sofern und soweit die DSGVO anwendbar ist \u2013 wahrnehmen<br \/>\n\u2013 erteilte Einwilligungen wiederrufen<br \/>\n\u2013 Widerspruch gegen die Bearbeitung Ihrer Personendaten erheben<br \/>\n\u2013 oder ihre Personendaten berichtigen, l\u00f6schen oder sperren lassen<\/p>\n<p>Personen, deren Personendaten wir bearbeiten, verf\u00fcgen \u00fcber ein Beschwerderecht bei einer zust\u00e4ndigen Aufsichtsbeh\u00f6rden f\u00fcr den Datenschutz. Aufsichtsbeh\u00f6rde f\u00fcr den Datenschutz in der Schweiz ist der\u00a0Eidgen\u00f6ssische Datenschutz- und \u00d6ffentlichkeitsbeauftragte (ED\u00d6B).<\/p>\n<p>&nbsp;<\/p>\n<p><strong>EINSATZ VON GOOGLE ANALYTICS<\/strong><\/p>\n<p>(1) Diese Website benutzt Google Analytics, einen Webanalysedienst der Google Inc. (\u201eGoogle\u201c). Google Analytics verwendet sog. \u201eCookies\u201c, Textdateien, die auf Ihrem Computer gespeichert werden und die eine Analyse der Benutzung der Website durch Sie erm\u00f6glichen. Die durch das Cookie erzeugten Informationen \u00fcber Ihre Benutzung dieser Website werden in der Regel an einen Server von Google in den USA \u00fcbertragen und dort gespeichert. Im Falle der Aktivierung der IP-Anonymisierung auf dieser Website, wird Ihre IP-Adresse von Google jedoch innerhalb von Mitgliedstaaten der Europ\u00e4ischen Union oder in anderen Vertragsstaaten des Abkommens \u00fcber den Europ\u00e4ischen Wirtschaftsraum zuvor gek\u00fcrzt. Nur in Ausnahmef\u00e4llen wird die volle IP-Adresse an einen Server von Google in den USA \u00fcbertragen und dort gek\u00fcrzt. Im Auftrag des Betreibers dieser Website wird Google diese Informationen benutzen, um Ihre Nutzung der Website auszuwerten, um Reports \u00fcber die Website-Aktivit\u00e4ten zusammenzustellen und um weitere mit der Website-Nutzung und der Internetnutzung verbundene Dienstleistungen gegen\u00fcber dem Website-Betreiber zu erbringen.<\/p>\n<p>(2) Die im Rahmen von Google Analytics von Ihrem Browser \u00fcbermittelte IP-Adresse wird nicht mit anderen Daten von Google zusammengef\u00fchrt.<\/p>\n<p>(3) Sie k\u00f6nnen die Speicherung der Cookies durch eine entsprechende Einstellung Ihrer Browser-Software verhindern; wir weisen Sie jedoch darauf hin, dass Sie in diesem Fall gegebenenfalls nicht s\u00e4mtliche Funktionen dieser Website vollumf\u00e4nglich werden nutzen k\u00f6nnen. Sie k\u00f6nnen dar\u00fcber hinaus die Erfassung der durch das Cookie erzeugten und auf Ihre Nutzung der Website bezogenen Daten (inkl. Ihrer IP-Adresse) an Google sowie die Verarbeitung dieser Daten durch Google verhindern, indem sie das unter dem folgenden Link verf\u00fcgbare Browser-Plug-in herunterladen und installieren:\u00a0http:\/\/tools.google.com\/dlpage\/gaoptout?hl=de.<\/p>\n<p>(4) Diese Website verwendet Google Analytics mit der Erweiterung \u201e_anonymizeIp()\u201c. Dadurch werden IP-Adressen gek\u00fcrzt weiterverarbeitet, eine Personenbeziehbarkeit kann damit ausgeschlossen werden. Soweit den \u00fcber Sie erhobenen Daten ein Personenbezug zukommt, wird dieser also sofort ausgeschlossen und die personenbezogenen Daten damit umgehend gel\u00f6scht.<\/p>\n<p>(5) Wir nutzen Google Analytics, um die Nutzung unserer Website analysieren und regelm\u00e4\u00dfig verbessern zu k\u00f6nnen. \u00dcber die gewonnenen Statistiken k\u00f6nnen wir unser Angebot verbessern und f\u00fcr Sie als Nutzer interessanter ausgestalten. F\u00fcr die Ausnahmef\u00e4lle, in denen personenbezogene Daten in die USA \u00fcbertragen werden, hat sich Google dem EU-US Privacy Shield unterworfen,\u00a0https:\/\/www.privacyshield.gov\/EU-US-Framework. Rechtsgrundlage f\u00fcr die Nutzung von Google Analytics ist Art. 6 Abs. 1 S. 1 lit. f DSGVO.<\/p>\n<p>(6) Informationen des Drittanbieters: Google Dublin, Google Ireland Ltd., Gordon House, Barrow Street, Dublin 4, Ireland, Fax: +353 (1) 436\u20091001. Nutzerbedingungen:<\/p>\n<p>http:\/\/www.google.com\/analytics\/terms\/de.html, \u00dcbersicht zum Datenschutz:\u00a0http:\/\/www.google.com\/intl\/de\/analytics\/learn\/privacy.html, sowie die Datenschutzerkl\u00e4rung:\u00a0http:\/\/www.google.de\/intl\/de\/policies\/privacy.<\/p>\n<p>(7) Diese Website verwendet Google Analytics zudem f\u00fcr eine ger\u00e4te\u00fcbergreifende Analyse von Besucherstr\u00f6men, die \u00fcber eine User-ID durchgef\u00fchrt wird. Sie k\u00f6nnen in Ihrem Kundenkonto unter \u201eMeine Daten\u201c, \u201epers\u00f6nliche Daten\u201c die ger\u00e4te\u00fcbergreifende Analyse Ihrer Nutzung deaktivieren.<\/p>\n<p>&nbsp;<\/p>\n<p><strong>EINSATZ VON SOCIAL-MEDIA-PLUGINS<\/strong><\/p>\n<p>(1) Wir setzen derzeit folgende Social-Media-Plug-ins ein: [Facebook, Google+, Twitter, Xing, T3N, LinkedIn, Flattr]. Wir nutzen dabei die sog. Zwei-Klick-L\u00f6sung. Das hei\u00dft, wenn Sie unsere Seite besuchen, werden zun\u00e4chst grunds\u00e4tzlich keine personenbezogenen Daten an die Anbieter der Plug-ins weitergegeben. Den Anbieter des Plug-ins erkennen Sie \u00fcber die Markierung auf dem Kasten \u00fcber seinen Anfangsbuchstaben oder das Logo. Wir er\u00f6ffnen Ihnen die M\u00f6glichkeit, \u00fcber den Button direkt mit dem Anbieter des Plug-ins zu kommunizieren. Nur wenn Sie auf das markierte Feld klicken und es dadurch aktivieren, erh\u00e4lt der Plug-in-Anbieter die Information, dass Sie die entsprechende Website unseres Online-Angebots aufgerufen haben. Zudem werden die beim Besuch unserer Website erhobenen Daten \u00fcbermittelt. Im Fall von Facebook und Xing wird nach Angaben der jeweiligen Anbieter in Deutschland die IP-Adresse sofort nach Erhebung anonymisiert. Durch die Aktivierung des Plug-ins werden also personenbezogene Daten von Ihnen an den jeweiligen Plug-in-Anbieter \u00fcbermittelt und dort (bei US-amerikanischen Anbietern in den USA) gespeichert. Da der Plug-in-Anbieter die Datenerhebung insbesondere \u00fcber Cookies vornimmt, empfehlen wir Ihnen, vor dem Klick auf den ausgegrauten Kasten \u00fcber die Sicherheitseinstellungen Ihres Browsers alle Cookies zu l\u00f6schen.<\/p>\n<p>(2) Wir haben weder Einfluss auf die erhobenen Daten und Datenverarbeitungsvorg\u00e4nge, noch sind uns der volle Umfang der Datenerhebung, die Zwecke der Verarbeitung, die Speicherfristen bekannt. Auch zur L\u00f6schung der erhobenen Daten durch den Plug-in-Anbieter liegen uns keine Informationen vor.<\/p>\n<p>(3) Der Plug-in-Anbieter speichert die \u00fcber Sie erhobenen Daten als Nutzungsprofile und nutzt diese f\u00fcr Zwecke der Werbung, Marktforschung und\/oder bedarfsgerechten Gestaltung seiner Website. Eine solche Auswertung erfolgt insbesondere (auch f\u00fcr nicht eingeloggte Nutzer) zur Darstellung von bedarfsgerechter Werbung und um andere Nutzer des sozialen Netzwerks \u00fcber Ihre Aktivit\u00e4ten auf unserer Website zu informieren. Ihnen steht ein Widerspruchsrecht gegen die Bildung dieser Nutzerprofile zu, wobei Sie sich zur Aus\u00fcbung dessen an den jeweiligen Plug-in-Anbieter wenden m\u00fcssen. \u00dcber die Plug-ins bieten wir Ihnen die M\u00f6glichkeit, mit den sozialen Netzwerken und anderen Nutzern zu interagieren, so dass wir unser Angebot verbessern und f\u00fcr Sie als Nutzer interessanter ausgestalten k\u00f6nnen. Rechtsgrundlage f\u00fcr die Nutzung der Plug-ins ist Art. 6 Abs. 1 S. 1 lit. f DSGVO.<\/p>\n<p>(4) Die Datenweitergabe erfolgt unabh\u00e4ngig davon, ob Sie ein Konto bei dem Plug-in-Anbieter besitzen und dort eingeloggt sind. Wenn Sie bei dem Plug-in-Anbieter eingeloggt sind, werden Ihre bei uns erhobenen Daten direkt Ihrem beim Plug-in-Anbieter bestehenden Konto zugeordnet. Wenn Sie den aktivierten Button bet\u00e4tigen und z.\u2009B. die Seite verlinken, speichert der Plug-in-Anbieter auch diese Information in Ihrem Nutzerkonto und teilt sie Ihren Kontakten \u00f6ffentlich mit. Wir empfehlen Ihnen, sich nach Nutzung eines sozialen Netzwerks regelm\u00e4\u00dfig auszuloggen, insbesondere jedoch vor Aktivierung des Buttons, da Sie so eine Zuordnung zu Ihrem Profil bei dem Plug-in-Anbieter vermeiden k\u00f6nnen.<\/p>\n<p>(5) Weitere Informationen zu Zweck und Umfang der Datenerhebung und ihrer Verarbeitung durch den Plug-in-Anbieter erhalten Sie in den im Folgenden mitgeteilten Datenschutzerkl\u00e4rungen dieser Anbieter. Dort erhalten Sie auch weitere Informationen zu Ihren diesbez\u00fcglichen Rechten und Einstellungsm\u00f6glichkeiten zum Schutze Ihrer Privatsph\u00e4re.<\/p>\n<p>(6) Adressen der jeweiligen Plug-in-Anbieter und URL mit deren Datenschutzhinweisen:<\/p>\n<p>a.\u00a0\u00a0\u00a0 Facebook Inc., 1601 S California Ave, Palo Alto, California 94304, USA;\u00a0http:\/\/www.facebook.com\/policy.php; weitere Informationen zur Datenerhebung:\u00a0http:\/\/www.facebook.com\/help\/186325668085084,\u00a0http:\/\/www.facebook.com\/about\/privacy\/your-info-on-other#applications\u00a0sowie\u00a0http:\/\/www.facebook.com\/about\/privacy\/your-info#everyoneinfo. Facebook hat sich dem EU-US-Privacy-Shield unterworfen,\u00a0https:\/\/www.privacyshield.gov\/EU-US-Framework.<\/p>\n<p>b.\u00a0\u00a0\u00a0 Google Inc., 1600 Amphitheater Parkway, Mountainview, California 94043, USA;\u00a0https:\/\/www.google.com\/policies\/privacy\/partners\/?hl=de. Google hat sich dem EU-US-Privacy-Shield unterworfen,\u00a0https:\/\/www.privacyshield.gov\/EU-US-Framework.<\/p>\n<p>c.\u00a0\u00a0\u00a0\u00a0 Twitter, Inc., 1355 Market St, Suite 900, San Francisco, California 94103, USA;\u00a0https:\/\/twitter.com\/privacy. Twitter hat sich dem EU-US-Privacy-Shield unterworfen,\u00a0https:\/\/www.privacyshield.gov\/EU-US-Framework.<\/p>\n<p>&nbsp;<\/p>\n<p>f.\u00a0\u00a0\u00a0\u00a0 LinkedIn Corporation, 2029 Stierlin Court, Mountain View, California 94043, USA;\u00a0http:\/\/www.linkedin.com\/legal\/privacy-policy. LinkedIn hat sich dem EU-US-Privacy-Shield unterworfen,\u00a0https:\/\/www.privacyshield.gov\/EU-US-Framework.<\/p>\n<p>&nbsp;<\/p>\n<p><strong>EINBINDUNG VON GOOGLE MAPS<\/strong><\/p>\n<p>(1) Auf dieser Website nutzen wir das Angebot von Google Maps. Dadurch k\u00f6nnen wir Ihnen interaktive Karten direkt in der Website anzeigen und erm\u00f6glichen Ihnen die komfortable Nutzung der Karten-Funktion.<\/p>\n<p>(2) Durch den Besuch auf der Website erh\u00e4lt Google die Information, dass Sie die entsprechende Unterseite unserer Website aufgerufen haben. Zudem werden die beim Besuch unserer Website erhobenen Daten \u00fcbermittelt. Dies erfolgt unabh\u00e4ngig davon, ob Google ein Nutzerkonto bereitstellt, \u00fcber das Sie eingeloggt sind, oder ob kein Nutzerkonto besteht. Wenn Sie bei Google eingeloggt sind, werden Ihre Daten direkt Ihrem Konto zugeordnet. Wenn Sie die Zuordnung mit Ihrem Profil bei Google nicht w\u00fcnschen, m\u00fcssen Sie sich vor Aktivierung des Buttons ausloggen. Google speichert Ihre Daten als Nutzungsprofile und nutzt sie f\u00fcr Zwecke der Werbung, Marktforschung und\/oder bedarfsgerechten Gestaltung seiner Website. Eine solche Auswertung erfolgt insbesondere (selbst f\u00fcr nicht eingeloggte Nutzer) zur Erbringung von bedarfsgerechter Werbung und um andere Nutzer des sozialen Netzwerks \u00fcber Ihre Aktivit\u00e4ten auf unserer Website zu informieren. Ihnen steht ein Widerspruchsrecht zu gegen die Bildung dieser Nutzerprofile, wobei Sie sich zur Aus\u00fcbung dessen an Google richten m\u00fcssen.<\/p>\n<p>(3) Weitere Informationen zu Zweck und Umfang der Datenerhebung und ihrer Verarbeitung durch den Plug-in-Anbieter erhalten Sie in den Datenschutzerkl\u00e4rungen des Anbieters. Dort erhalten Sie auch weitere Informationen zu Ihren diesbez\u00fcglichen Rechten und Einstellungsm\u00f6glichkeiten zum Schutze Ihrer Privatsph\u00e4re:\u00a0http:\/\/www.google.de\/intl\/de\/policies\/privacy. Google verarbeitet Ihre personenbezogenen Daten auch in den USA und hat sich dem EU-US Privacy Shield unterworfen,\u00a0https:\/\/www.privacyshield.gov\/EU-US-Framework.[\/vc_column_text][\/vc_column_inner][vc_column_inner width=\u00a0\u00bb4\/12&Prime;][\/vc_column_inner][\/vc_row_inner][\/vc_column][\/vc_row]<\/p>\n<\/div>","protected":false},"excerpt":{"rendered":"<p>[vc_row full_width=\u00a0\u00bbstretch_row\u00a0\u00bb el_class=\u00a0\u00bbmargin-bottom-footer bg-secondary-color font-third-color\u00a0\u00bb][vc_column][vc_row_inner equal_height=\u00a0\u00bbyes\u00a0\u00bb content_placement=\u00a0\u00bbmiddle\u00a0\u00bb][vc_column_inner][vc_column_text css=\u00a0\u00bb\u00a0\u00bb] Gasthof zum Schl\u00fcssel Datenschutzerkl\u00e4rung [\/vc_column_text][\/vc_column_inner][\/vc_row_inner][vc_row_inner][vc_column_inner width=\u00a0\u00bb8\/12&Prime;][vc_column_text css=\u00a0\u00bb\u00a0\u00bb]NAME UND KONTAKT DES VERANTWORTLICHEN GEM\u00c4SS ARTIKEL 4 ABS. 7 DSGVO Gasthof zum Schl\u00fcssel La M\u00e9ridienne Fribourg S.A. Dorfstrasse 1 3182 Ueberstorf 031 742 22 40 kontakt@gasthofzumschluessel.ch www.gasthofzumschluessel.ch &nbsp; DATENSCHUTZBEAUFTRAGTE: Romi Morf romi@gasthofzumschluessel.ch &nbsp; SICHERHEIT UND SCHUTZ IHRER PERSONENBEZOGENEN DATEN Wir [&hellip;]<\/p>\n","protected":false},"author":1,"featured_media":0,"parent":0,"menu_order":22,"comment_status":"closed","ping_status":"closed","template":"","meta":{"_acf_changed":false,"inline_featured_image":false,"footnotes":""},"class_list":["post-1013","page","type-page","status-publish","hentry"],"acf":[],"_links":{"self":[{"href":"https:\/\/gasthofzumschluessel.ch\/fr\/wp-json\/wp\/v2\/pages\/1013","targetHints":{"allow":["GET"]}}],"collection":[{"href":"https:\/\/gasthofzumschluessel.ch\/fr\/wp-json\/wp\/v2\/pages"}],"about":[{"href":"https:\/\/gasthofzumschluessel.ch\/fr\/wp-json\/wp\/v2\/types\/page"}],"author":[{"embeddable":true,"href":"https:\/\/gasthofzumschluessel.ch\/fr\/wp-json\/wp\/v2\/users\/1"}],"replies":[{"embeddable":true,"href":"https:\/\/gasthofzumschluessel.ch\/fr\/wp-json\/wp\/v2\/comments?post=1013"}],"version-history":[{"count":1,"href":"https:\/\/gasthofzumschluessel.ch\/fr\/wp-json\/wp\/v2\/pages\/1013\/revisions"}],"predecessor-version":[{"id":1014,"href":"https:\/\/gasthofzumschluessel.ch\/fr\/wp-json\/wp\/v2\/pages\/1013\/revisions\/1014"}],"wp:attachment":[{"href":"https:\/\/gasthofzumschluessel.ch\/fr\/wp-json\/wp\/v2\/media?parent=1013"}],"curies":[{"name":"wp","href":"https:\/\/api.w.org\/{rel}","templated":true}]}}