{"id":1011,"date":"2025-01-10T09:46:30","date_gmt":"2025-01-10T08:46:30","guid":{"rendered":"http:\/\/gasthofzumschluessel.ch\/agb\/"},"modified":"2025-04-14T11:01:44","modified_gmt":"2025-04-14T09:01:44","slug":"agb","status":"publish","type":"page","link":"https:\/\/gasthofzumschluessel.ch\/fr\/agb\/","title":{"rendered":"AGB"},"content":{"rendered":"<div class=\"wpb-content-wrapper\"><p>[vc_row full_width=\u00a0\u00bbstretch_row\u00a0\u00bb el_class=\u00a0\u00bbmargin-bottom-footer bg-secondary-color font-third-color\u00a0\u00bb][vc_column][vc_row_inner equal_height=\u00a0\u00bbyes\u00a0\u00bb content_placement=\u00a0\u00bbmiddle\u00a0\u00bb][vc_column_inner][vc_column_text css=\u00a0\u00bb\u00a0\u00bb]<\/p>\n<h3>Gasthof zum Schl\u00fcssel<\/h3>\n<h2><b>AGB<\/b><\/h2>\n<p>[\/vc_column_text][\/vc_column_inner][\/vc_row_inner][vc_row_inner][vc_column_inner width=\u00a0\u00bb8\/12&Prime;][vc_column_text css=\u00a0\u00bb\u00a0\u00bb]Allgemeine Gesch\u00e4ftsbedingungen<\/p>\n<p>&nbsp;<\/p>\n<p><strong>Allgemeines<br \/>\n<\/strong>Es ist unser Anliegen, allen Kunden und Kundinnen und Ihren Bed\u00fcrfnissen gerecht zu werden und sie zufrieden zu stellen. Deshalb sind diese allgemeinen Gesch\u00e4ftsbedingungen Grundlage f\u00fcr eine faire Kundenbeziehung.<br \/>\nMit dem Absenden Ihrer Bestellung erkl\u00e4ren Sie sich mit den AGB\u2019s einverstanden.<\/p>\n<p><strong>Geltungsbereich<br \/>\n<\/strong>Das Angebot von www.gasthofzumschluessel.ch richtet sich an die Kundschaft der Schweiz sowie das F\u00fcrstentum Liechtenstein. Die Lieferkonditionen k\u00f6nnen je nach Menge und Zustellungsart variieren (Standard-Versand siehe Preisliste unten \u201eZahlungs-und Versandbedingungen\u201c). Lieferungen ins Ausland sind nicht m\u00f6glich bzw. wenden Sie sich direkt per E- Mail: kontakt@gasthofzumschluessel.ch oder Telefon: +41 31 742 22 40, f\u00fcr m\u00f6gliche Abkl\u00e4rungen.<\/p>\n<p><strong>Datenschutz<br \/>\n<\/strong>Pers\u00f6nliche Kundendaten werden gem\u00e4ss der Datenschutzgebung vertraulich behandelt. Es werden nur Daten erfasst, welche zur Abwicklung der Bestellung notwendig sind und dem Kunden den Ablauf bei weiteren Bestellungen zu vereinfachen. Jegliche vertrauliche Daten, (insbesondere Angaben bei Bezahlung mit Kreditkarte) werden verschl\u00fcsselt \u00fcbermittelt.<br \/>\nEs besteht die M\u00f6glichkeit, Informationen \u00fcber Neuheiten, Aktionen oder Aktivit\u00e4ten von Gasthof zum Schl\u00fcssel per Newsletter als E-Mail zu empfangen. Diese Dienstleistung verpflichtet zu nichts, ist kostenlos und kann jederzeit abbestellt werden.<\/p>\n<p><strong>Jugendschutz<br \/>\n<\/strong>Verkauf alkoholischer Getr\u00e4nke an Jugendliche Der Verkauf alkoholischer Getr\u00e4nke in der Schweiz ist an Jugendliche unter 16 Jahren, bzw. 18 Jahren (bei gebrannten Wassern\/Spirituosen) verboten. Dar\u00fcber hinaus gelten noch kantonale Regelungen.<span class=\"Apple-converted-space\"><br \/>\n<\/span>Wir verkaufen generell keine alkoholischen Getr\u00e4nke an Jugendliche unter 18 Jahren.<span class=\"Apple-converted-space\"><br \/>\n<\/span>Zur Sicherstellung dieser Jugendschutzvorgaben m\u00fcssen Sie bei der Bestellung best\u00e4tigen, dass Sie mindestens 18 Jahre alt sind.<span class=\"Apple-converted-space\"><br \/>\n<\/span>Wir behalten uns vor, bei Unklarheiten die Rechtsm\u00e4ssigkeit des Empf\u00e4ngers zu pr\u00fcfen und erst im Anschluss die Bestellung zu versenden.<span class=\"Apple-converted-space\"><br \/>\n<\/span>Wir bitten um Verst\u00e4ndnis.<\/p>\n<p><strong>Preise<br \/>\n<\/strong>S\u00e4mtliche Preise verstehen sich inklusive MWST. Preis\u00e4nderungen, zeitlich begrenzte Aktionen sowie Jahrgangs\u00e4nderungen sind jederzeit m\u00f6glich und bed\u00fcrfen keiner Ank\u00fcndigung.<\/p>\n<p><strong>Zahlungs- und Versandbedingungen<br \/>\n<\/strong>Momentan bieten wir unsere Artikel im Webshop lediglich zur Abholung an. Die gew\u00fcnschte Ware kann w\u00e4hrend den Gesch\u00e4ftszeiten direkt vor Ort bezogen werden. Dadurch entstehen keine zus\u00e4tzlichen Versandkosten.<br \/>\nWir bieten Ihnen folgende Zahlungsmethoden vor Ort an: Bar, Rechnung, Maestro, MasterCard, Visa, TWINT, Postcard.<\/p>\n<p><strong>Verf\u00fcgbarkeit<br \/>\n<\/strong>Unser Angebot ist wie der Markt im steten Wandel. Aus diesem Grund k\u00f6nnen wir nicht immer garantieren, dass alles aus unserem Sortiment verf\u00fcgbar ist. Wir werden Sie in dem Fall direkt kontaktieren und die M\u00f6glichkeiten mit Ihnen besprechen.<\/p>\n<p><strong>Umtausch \/ R\u00fccknahme, Reklamationen<br \/>\n<\/strong>Grunds\u00e4tzlich ist die bestellte Ware vom Umtausch ausgeschlossen. Ausgenommen sind besch\u00e4digte Lieferungen und Fehllieferungen. Bitte kontrollieren Sie die Lieferung umgehend nach Erhalt auf Richtigkeit und melden Sie uns Beanstandungen sofort.<\/p>\n<p><strong>Gerichtsstand<br \/>\n<\/strong>Gerichtsstand ist Tafers<br \/>\nGasthof zum Schl\u00fcssel La M\u00e9ridienne Fribourg S.A.<br \/>\nDorfstrasse 1<br \/>\nCH-3182 Ueberstorf<\/p>\n<p>24.07.2020[\/vc_column_text][\/vc_column_inner][vc_column_inner width=\u00a0\u00bb4\/12&Prime;][\/vc_column_inner][\/vc_row_inner][\/vc_column][\/vc_row]<\/p>\n<\/div>","protected":false},"excerpt":{"rendered":"<p>[vc_row full_width=\u00a0\u00bbstretch_row\u00a0\u00bb el_class=\u00a0\u00bbmargin-bottom-footer bg-secondary-color font-third-color\u00a0\u00bb][vc_column][vc_row_inner equal_height=\u00a0\u00bbyes\u00a0\u00bb content_placement=\u00a0\u00bbmiddle\u00a0\u00bb][vc_column_inner][vc_column_text css=\u00a0\u00bb\u00a0\u00bb] Gasthof zum Schl\u00fcssel AGB [\/vc_column_text][\/vc_column_inner][\/vc_row_inner][vc_row_inner][vc_column_inner width=\u00a0\u00bb8\/12&Prime;][vc_column_text css=\u00a0\u00bb\u00a0\u00bb]Allgemeine Gesch\u00e4ftsbedingungen &nbsp; Allgemeines Es ist unser Anliegen, allen Kunden und Kundinnen und Ihren Bed\u00fcrfnissen gerecht zu werden und sie zufrieden zu stellen. Deshalb sind diese allgemeinen Gesch\u00e4ftsbedingungen Grundlage f\u00fcr eine faire Kundenbeziehung. Mit dem Absenden Ihrer Bestellung erkl\u00e4ren Sie sich [&hellip;]<\/p>\n","protected":false},"author":2,"featured_media":0,"parent":0,"menu_order":13,"comment_status":"closed","ping_status":"closed","template":"","meta":{"_acf_changed":false,"inline_featured_image":false,"footnotes":""},"class_list":["post-1011","page","type-page","status-publish","hentry"],"acf":[],"_links":{"self":[{"href":"https:\/\/gasthofzumschluessel.ch\/fr\/wp-json\/wp\/v2\/pages\/1011","targetHints":{"allow":["GET"]}}],"collection":[{"href":"https:\/\/gasthofzumschluessel.ch\/fr\/wp-json\/wp\/v2\/pages"}],"about":[{"href":"https:\/\/gasthofzumschluessel.ch\/fr\/wp-json\/wp\/v2\/types\/page"}],"author":[{"embeddable":true,"href":"https:\/\/gasthofzumschluessel.ch\/fr\/wp-json\/wp\/v2\/users\/2"}],"replies":[{"embeddable":true,"href":"https:\/\/gasthofzumschluessel.ch\/fr\/wp-json\/wp\/v2\/comments?post=1011"}],"version-history":[{"count":1,"href":"https:\/\/gasthofzumschluessel.ch\/fr\/wp-json\/wp\/v2\/pages\/1011\/revisions"}],"predecessor-version":[{"id":1012,"href":"https:\/\/gasthofzumschluessel.ch\/fr\/wp-json\/wp\/v2\/pages\/1011\/revisions\/1012"}],"wp:attachment":[{"href":"https:\/\/gasthofzumschluessel.ch\/fr\/wp-json\/wp\/v2\/media?parent=1011"}],"curies":[{"name":"wp","href":"https:\/\/api.w.org\/{rel}","templated":true}]}}